{"id":103163,"date":"2023-09-27T16:37:26","date_gmt":"2023-09-27T21:37:26","guid":{"rendered":"https:\/\/santa-priscila.com\/Quito\/?post_type=product&#038;p=103163"},"modified":"2026-02-27T15:40:19","modified_gmt":"2026-02-27T20:40:19","slug":"camaron-con-cascara-talla-31-35-funda-de-1-kg","status":"publish","type":"product","link":"https:\/\/santa-priscila.com\/Quito\/product\/camaron-con-cascara-talla-31-35-funda-de-1-kg\/","title":{"rendered":"CAMAR\u00d3N CON C\u00c1SCARA TALLA 31\/35 (Funda de 1 Kg)."},"content":{"rendered":"<p>Este es uno de los productos de Industria Pesquera Santa Priscila. El camar\u00f3n es uno de los mariscos m\u00e1s sabrosos y nutritivos perteneciente a la familia de los crust\u00e1ceos. Este empaque de un kilo de camarones Grande es ideal para compartir en familia o con amigos por su tama\u00f1o se los puede preparar en ceviche, al vapor, apanados o a la plancha con la ensalada de tu preferencia. Para mantener este producto en \u00f3ptimas condiciones, lo m\u00e1s indicado es mantenerlo en congelaci\u00f3n y el tiempo de vida \u00fatil de este producto es de un a\u00f1o.<\/p>\n<p>La talla 31\/35 es considerada Grande.<\/p>\n","protected":false},"excerpt":{"rendered":"<p>Este es uno de los productos de Industria Pesquera Santa Priscila. El camar\u00f3n es uno de los mariscos m\u00e1s sabrosos y nutritivos perteneciente a la familia de los crust\u00e1ceos. Este empaque de un kilo de camarones Grande es ideal para compartir en familia o con amigos por su tama\u00f1o se los puede preparar en ceviche, al vapor, apanados o a la plancha con la ensalada de tu preferencia. Para mantener este producto en \u00f3ptimas condiciones, lo m\u00e1s indicado es mantenerlo en congelaci\u00f3n y el tiempo de vida \u00fatil de este producto es de un a\u00f1o.<\/p>\n<p>La talla 31\/35 es considerada Grande.<\/p>\n","protected":false},"featured_media":103164,"comment_status":"open","ping_status":"closed","template":"","meta":[],"_links":{"self":[{"href":"https:\/\/santa-priscila.com\/Quito\/wp-json\/wp\/v2\/product\/103163"}],"collection":[{"href":"https:\/\/santa-priscila.com\/Quito\/wp-json\/wp\/v2\/product"}],"about":[{"href":"https:\/\/santa-priscila.com\/Quito\/wp-json\/wp\/v2\/types\/product"}],"replies":[{"embeddable":true,"href":"https:\/\/santa-priscila.com\/Quito\/wp-json\/wp\/v2\/comments?post=103163"}],"wp:featuredmedia":[{"embeddable":true,"href":"https:\/\/santa-priscila.com\/Quito\/wp-json\/wp\/v2\/media\/103164"}],"wp:attachment":[{"href":"https:\/\/santa-priscila.com\/Quito\/wp-json\/wp\/v2\/media?parent=103163"}],"curies":[{"name":"wp","href":"https:\/\/api.w.org\/{rel}","templated":true}]}}