{"id":103160,"date":"2023-09-27T16:02:55","date_gmt":"2023-09-27T21:02:55","guid":{"rendered":"https:\/\/santa-priscila.com\/Quito\/?post_type=product&#038;p=103160"},"modified":"2026-02-21T06:35:59","modified_gmt":"2026-02-21T11:35:59","slug":"camaron-pelado-y-desvenado-talla-21-25-funda-de-1-kg","status":"publish","type":"product","link":"https:\/\/santa-priscila.com\/Quito\/product\/camaron-pelado-y-desvenado-talla-21-25-funda-de-1-kg\/","title":{"rendered":"CAMAR\u00d3N PELADO Y DESVENADO TALLA 21\/25 (Funda de 1 Kg)."},"content":{"rendered":"<p>Este es uno de los productos de Industria Pesquera Santa Priscila. El camar\u00f3n es uno de los mariscos m\u00e1s sabrosos y nutritivos perteneciente a la familia de los crust\u00e1ceos. Este empaque de un kilo de camarones medianos es ideal para compartir en familia o con amigos por su tama\u00f1o se los puede preparar en ceviche, al vapor, apanados o a la plancha con la ensalada de tu preferencia. Para mantener este producto en \u00f3ptimas condiciones, lo m\u00e1s indicado es mantenerlo en congelaci\u00f3n y el tiempo de vida \u00fatil de este producto es de un a\u00f1o.<\/p>\n<p>La talla 21\/25 es considerada Jumbo.<\/p>\n","protected":false},"excerpt":{"rendered":"<p>Este es uno de los productos de Industria Pesquera Santa Priscila. El camar\u00f3n es uno de los mariscos m\u00e1s sabrosos y nutritivos perteneciente a la familia de los crust\u00e1ceos. Este empaque de un kilo de camarones medianos es ideal para compartir en familia o con amigos por su tama\u00f1o se los puede preparar en ceviche, al vapor, apanados o a la plancha con la ensalada de tu preferencia. Para mantener este producto en \u00f3ptimas condiciones, lo m\u00e1s indicado es mantenerlo en congelaci\u00f3n y el tiempo de vida \u00fatil de este producto es de un a\u00f1o.<\/p>\n<p>La talla 21\/25 es considerada Jumbo.<\/p>\n","protected":false},"featured_media":101909,"comment_status":"open","ping_status":"closed","template":"","meta":[],"_links":{"self":[{"href":"https:\/\/santa-priscila.com\/Quito\/wp-json\/wp\/v2\/product\/103160"}],"collection":[{"href":"https:\/\/santa-priscila.com\/Quito\/wp-json\/wp\/v2\/product"}],"about":[{"href":"https:\/\/santa-priscila.com\/Quito\/wp-json\/wp\/v2\/types\/product"}],"replies":[{"embeddable":true,"href":"https:\/\/santa-priscila.com\/Quito\/wp-json\/wp\/v2\/comments?post=103160"}],"wp:featuredmedia":[{"embeddable":true,"href":"https:\/\/santa-priscila.com\/Quito\/wp-json\/wp\/v2\/media\/101909"}],"wp:attachment":[{"href":"https:\/\/santa-priscila.com\/Quito\/wp-json\/wp\/v2\/media?parent=103160"}],"curies":[{"name":"wp","href":"https:\/\/api.w.org\/{rel}","templated":true}]}}