{"id":102770,"date":"2022-07-16T11:30:35","date_gmt":"2022-07-16T16:30:35","guid":{"rendered":"https:\/\/santa-priscila.com\/Quito\/?post_type=product&#038;p=102770"},"modified":"2025-05-23T07:22:22","modified_gmt":"2025-05-23T12:22:22","slug":"camaron-pelado-y-desvenado-talla-16-20-funda-de-1-kg","status":"publish","type":"product","link":"https:\/\/santa-priscila.com\/Quito\/product\/camaron-pelado-y-desvenado-talla-16-20-funda-de-1-kg\/","title":{"rendered":"CAMAR\u00d3N PELADO Y DESVENADO TALLA 16\/20 (Funda de 1 Kg)."},"content":{"rendered":"<p>Este es uno de los productos de Industria Pesquera Santa Priscila. El camar\u00f3n es uno de los mariscos m\u00e1s sabrosos y nutritivos perteneciente a la familia de los crust\u00e1ceos. Este empaque de un kilo de camarones medianos es ideal para compartir en familia o con amigos por su tama\u00f1o se los puede preparar en ceviche, al vapor, apanados o a la plancha con la ensalada de tu preferencia. Para mantener este producto en \u00f3ptimas condiciones, lo m\u00e1s indicado es mantenerlo en congelaci\u00f3n y el tiempo de vida \u00fatil de este producto es de un a\u00f1o.<\/p>\n<p>La talla 16\/20 es considerada Extra Jumbo.<\/p>\n","protected":false},"excerpt":{"rendered":"<p>Este es uno de los productos de Industria Pesquera Santa Priscila. El camar\u00f3n es uno de los mariscos m\u00e1s sabrosos y nutritivos perteneciente a la familia de los crust\u00e1ceos. Este empaque de un kilo de camarones medianos es ideal para compartir en familia o con amigos por su tama\u00f1o se los puede preparar en ceviche, al vapor, apanados o a la plancha con la ensalada de tu preferencia. Para mantener este producto en \u00f3ptimas condiciones, lo m\u00e1s indicado es mantenerlo en congelaci\u00f3n y el tiempo de vida \u00fatil de este producto es de un a\u00f1o. La talla 16\/20 es considerada Extra Jumbo.<\/p>\n","protected":false},"featured_media":101910,"comment_status":"open","ping_status":"closed","template":"","meta":[],"_links":{"self":[{"href":"https:\/\/santa-priscila.com\/Quito\/wp-json\/wp\/v2\/product\/102770"}],"collection":[{"href":"https:\/\/santa-priscila.com\/Quito\/wp-json\/wp\/v2\/product"}],"about":[{"href":"https:\/\/santa-priscila.com\/Quito\/wp-json\/wp\/v2\/types\/product"}],"replies":[{"embeddable":true,"href":"https:\/\/santa-priscila.com\/Quito\/wp-json\/wp\/v2\/comments?post=102770"}],"wp:featuredmedia":[{"embeddable":true,"href":"https:\/\/santa-priscila.com\/Quito\/wp-json\/wp\/v2\/media\/101910"}],"wp:attachment":[{"href":"https:\/\/santa-priscila.com\/Quito\/wp-json\/wp\/v2\/media?parent=102770"}],"curies":[{"name":"wp","href":"https:\/\/api.w.org\/{rel}","templated":true}]}}