{"id":102753,"date":"2022-06-16T14:36:31","date_gmt":"2022-06-16T19:36:31","guid":{"rendered":"https:\/\/santa-priscila.com\/Quito\/?post_type=product&#038;p=102753"},"modified":"2026-03-27T15:09:59","modified_gmt":"2026-03-27T20:09:59","slug":"filete-de-tilapia-grande-funda-de-2-libras-aprox-6-unidades","status":"publish","type":"product","link":"https:\/\/santa-priscila.com\/Quito\/product\/filete-de-tilapia-grande-funda-de-2-libras-aprox-6-unidades\/","title":{"rendered":"FILETE DE TILAPIA GRANDE &#8211; 4UP (Funda de 2 libras, aprox. 6 unidades)"},"content":{"rendered":"<p>La tilapia es uno de los productos de Industria Pesquera Santa Priscila con mayor aporte de energ\u00eda y el m\u00e1s bajo de calor\u00edas. Una porci\u00f3n de 100 gramos de tilapia de Santa Priscila a la plancha proporciona 120 calor\u00edas y 20 gramos de prote\u00edna aproximadamente. Las 2 unidades grandes de filete de tilapia que vienen en este empaque son perfectas para preparar de 2 a 6 porciones al vapor, a la plancha, al horno, o fritas las puedes disfrutarlas una deliciosa ensalada preferida. Para mantener este producto en \u00f3ptimas condiciones, lo m\u00e1s indicado es mantenerlo en congelaci\u00f3n y el tiempo de vida \u00fatil de este producto es de un a\u00f1o.<\/p>\n","protected":false},"excerpt":{"rendered":"<p>La tilapia es uno de los productos de Industria Pesquera Santa Priscila con mayor aporte de energ\u00eda y el m\u00e1s bajo de calor\u00edas. Una porci\u00f3n de 100 gramos de tilapia de Santa Priscila a la plancha proporciona 120 calor\u00edas y 20 gramos de prote\u00edna aproximadamente. Las 2 unidades grandes de filete de tilapia que vienen en este empaque son perfectas para preparar de 2 a 6 porciones al vapor, a la plancha, al horno, o fritas las puedes disfrutarlas una deliciosa ensalada preferida. Para mantener este producto en \u00f3ptimas condiciones, lo m\u00e1s indicado es mantenerlo en congelaci\u00f3n y el tiempo de vida \u00fatil de este producto es de un a\u00f1o.<\/p>\n","protected":false},"featured_media":101950,"comment_status":"open","ping_status":"closed","template":"","meta":[],"_links":{"self":[{"href":"https:\/\/santa-priscila.com\/Quito\/wp-json\/wp\/v2\/product\/102753"}],"collection":[{"href":"https:\/\/santa-priscila.com\/Quito\/wp-json\/wp\/v2\/product"}],"about":[{"href":"https:\/\/santa-priscila.com\/Quito\/wp-json\/wp\/v2\/types\/product"}],"replies":[{"embeddable":true,"href":"https:\/\/santa-priscila.com\/Quito\/wp-json\/wp\/v2\/comments?post=102753"}],"wp:featuredmedia":[{"embeddable":true,"href":"https:\/\/santa-priscila.com\/Quito\/wp-json\/wp\/v2\/media\/101950"}],"wp:attachment":[{"href":"https:\/\/santa-priscila.com\/Quito\/wp-json\/wp\/v2\/media?parent=102753"}],"curies":[{"name":"wp","href":"https:\/\/api.w.org\/{rel}","templated":true}]}}