{"id":9327,"date":"2018-05-01T06:57:47","date_gmt":"2018-05-01T11:57:47","guid":{"rendered":"http:\/\/hongo.themezaa.com\/?page_id=9327"},"modified":"2020-05-19T23:15:50","modified_gmt":"2020-05-20T04:15:50","slug":"terminos-y-condiciones","status":"publish","type":"page","link":"https:\/\/santa-priscila.com\/Quito\/terminos-y-condiciones\/","title":{"rendered":"T\u00e9rminos y Condiciones"},"content":{"rendered":"<section class=\"vc_row wpb_row vc_row-fluid  vc_custom_1573620172819    hongo_responsive_1573620172825\"><div class=\"wpb_column vc_column_container col-xs-mobile-fullwidth vc_col-sm-6 text-left\"><div class=\"vc_column-inner vc_custom_1564119849834  hongo_responsive_1564119849838\"><div class=\"wpb_wrapper\"><ul class=\"list-style list-style-9 list-style9-1\"><li><div class=\"alt-font hongo_font_1589904929684\">T\u00e9rminos y Condiciones<\/div><p class=\"\">Al realizar pedidos a trav\u00e9s de la plataforma web de www.santa-priscila.com usted est\u00e1 aceptando los siguientes t\u00e9rminos y condiciones\nEl presente reglamento describe los t\u00e9rminos y condiciones generales aplicables al acceso y uso de los servicios ofrecidos por Industrial Pesquera Santa Priscila dentro del sitio web www.santa-priscila.com\nCualquier persona que desee acceder y\/o usar el sitio o los servicios podr\u00e1 hacerlo sujet\u00e1ndose a los T\u00e9rminos y Condiciones que a continuaci\u00f3n se enumeran (en adelante \u201cEL USUARIO\u201d o \u201cEL CLIENTE\u201d).\nEn consecuencia, EL USUARIO acepta que todos los contratos y transacciones que se realicen en este sitio, como asimismo sus efectos jur\u00eddicos, quedar\u00e1n regidos por estas reglas y sometidas a la normativa de la Rep\u00fablica del Ecuador en la materia.<\/p><\/li><li><div class=\"alt-font hongo_font_1589904929684\">Propiedad Intelectual<\/div><p class=\"\">Los derechos de propiedad intelectual respecto de los contenidos, as\u00ed como los derechos de uso y explotaci\u00f3n de los mismos, incluyendo su divulgaci\u00f3n, publicaci\u00f3n, reproducci\u00f3n, distribuci\u00f3n y transformaci\u00f3n, son propiedad exclusiva de Industrial Pesquera Santa Priscila. El usuario no podr\u00e1 utilizar los contenidos de este sitio web con fines distintos a los que se contemplan en los presentes T\u00e9rminos y Condiciones de Uso y Privacidad.<\/p><\/li><li><div class=\"alt-font hongo_font_1589904929684\">Calidad de los Servicios y Contenidos<\/div><p class=\"\">Ni Industrial Pesquera Santa Priscila, proveedores o socios comerciales ser\u00e1n responsables de cualquier da\u00f1o o perjuicio que sufra el usuario a consecuencia de inexactitudes, errores tipogr\u00e1ficos y cambios o mejoras que se realicen peri\u00f3dicamente a los contenidos del sitio web.<\/p><\/li><\/ul><\/div><\/div><\/div><div class=\"wpb_column vc_column_container col-xs-mobile-fullwidth vc_col-sm-6\"><div class=\"vc_column-inner vc_custom_1563789431025  hongo_responsive_1563789431031\"><div class=\"wpb_wrapper\"><ul class=\"list-style list-style-9 list-style9-2\"><li><div class=\"alt-font hongo_font_1589904792219\">Uso y Restricciones<\/div><p class=\"\">La utilizaci\u00f3n de este sitio web expresa la adhesi\u00f3n plena y sin reservas del usuario a los presentes T\u00e9rminos y Condiciones de Uso y Privacidad. A trav\u00e9s de este sitio web, el usuario acceder\u00e1 a diversos servicios y contenidos puestos a disposici\u00f3n de los usuarios por Industrial Pesquera Santa Priscila. Industrial Pesquera Santa Priscila tendr\u00e1 el derecho a negar, restringir o condicionar al usuario el acceso a estos recursos, total o parcialmente, a su entera discreci\u00f3n, as\u00ed como a modificar los servicios y contenidos de este sitio web, en cualquier momento y sin necesidad de previo aviso. Industrial Pesquera Santa Priscila no garantiza la disponibilidad y continuidad de la operaci\u00f3n de este sitio web, ni la utilidad de este sitio web en relaci\u00f3n con ninguna actividad espec\u00edfica.<\/p><\/li><li><div class=\"alt-font hongo_font_1589904792219\">Usos Permitidos<\/div><p class=\"\">El aprovechamiento de los servicios y contenidos de este sitio web es exclusiva responsabilidad del usuario, quien en todo caso deber\u00e1 servirse de ellos acorde a las funcionalidades permitidas en el propio sitio y a los usos autorizados en los presentes T\u00e9rminos y Condiciones de Uso y Privacidad, por lo que el usuario se obliga a utilizarlos de modo tal que no atenten contra las normas de uso y convivencia en Internet ni contra leyes ecuatorianas. El Portal es para el uso personal y del usuario por lo que no podr\u00e1 comercializarlo de manera alguna.<\/p><\/li><li><div class=\"alt-font hongo_font_1589904792219\">Precio<\/div><p class=\"\">Todos los precios de los productos que se muestran a trav\u00e9s de la p\u00e1gina web www.santa-priscila.com incluyen el IVA. No obstante, estos precios no reflejan los costos correspondientes al env\u00edo de los productos. EL USUARIO podr\u00e1 revisar dichos costos en el detalle que se mostrar\u00e1 antes de finalizar la compra.<\/p><\/li><\/ul><\/div><\/div><\/div><\/section><section data-vc-full-width=\"true\" data-vc-full-width-init=\"false\" data-vc-stretch-content=\"true\" class=\"vc_row wpb_row vc_row-fluid  vc_custom_1589421721466   hongo-row-min-height wow fadeIn hongo-stretch-content hongo-stretch-content-fluid vc_row-o-equal-height vc_row-o-content-middle vc_row-flex\" style=\"min-height: 550;\"><div class=\"hongo-overlay\" style=\"opacity:0;\"><\/div><div class=\"wpb_column vc_column_container vc_col-has-fill vc_col-sm-12 vc_col-md-6 vc_col-xs-12\"><div class=\"vc_column-inner cover-background vc_custom_1589426614485  hongo_responsive_1589426614490\"><div class=\"wpb_wrapper\"><\/div><\/div><\/div><div class=\"wpb_column vc_column_container vc_col-has-fill vc_col-sm-12 vc_col-md-6 vc_col-xs-12\"><div class=\"vc_column-inner vc_custom_1589421325433  hongo_responsive_1589421325439\"><div class=\"wpb_wrapper\"><div class=\"alt-font heading-style-2 vc_custom_1589948049930  hongo_responsive_1589948049935 heading-1 hongo-section-heading hongo_font_1589948049928\">Confidencialidad y Privacidad<\/div><div id=\"accordion-style-2-1\" class=\"panel-group accordion-style-2 accordion-style-2-1\"><div class=\"panel panel-default\"><div class=\"panel-heading active-accordion\" ><a class=\"accordion-toggle\" data-toggle=\"collapse\" data-parent=\"#accordion-style-2-1\" href=\"#accordion-one-link-1\"><div class=\"panel-title hongo_font_1589947800175 alt-font\"><span class=\"accordion-title hongo_font_1589947800175 alt-font\">Registro<\/span><span class=\"pull-right\"><i class=\"fas ti-minus\"><\/i><\/span><\/div><\/a><\/div><div id=\"accordion-one-link-1\" class=\"panel-collapse collapse in\"><div class=\"panel-body hongo_font_1589947800177\"><p>Es obligatorio que EL USUARIO complete todos los datos requeridos en el formulario de identificaci\u00f3n cuando entra al proceso de compra. EL USUARIO o visitante del sitio garantiza y responde, en cualquier caso, de la veracidad, exactitud, vigencia y autenticidad de los datos personales ingresados. Por lo tanto, EL USUARIO o visitante del sitio ser\u00e1 el \u00fanico responsable de los eventuales perjuicios que padezca a consecuencia de informar err\u00f3neamente sus datos personales en el sitio web www.santa-priscila.com<\/p>\n<\/div><\/div><\/div><div class=\"panel panel-default\"><div class=\"panel-heading\" ><a class=\"accordion-toggle\" data-toggle=\"collapse\" data-parent=\"#accordion-style-2-1\" href=\"#accordion-one-link-2\"><div class=\"panel-title hongo_font_1589947800175 alt-font\"><span class=\"accordion-title hongo_font_1589947800175 alt-font\">Confidencialidad y privacidad<\/span><span class=\"pull-right\"><i class=\"fas ti-plus\"><\/i><\/span><\/div><\/a><\/div><div id=\"accordion-one-link-2\" class=\"panel-collapse collapse\"><div class=\"panel-body hongo_font_1589947800177\"><p>Industrial Pesquera Santa Priscila tratar\u00e1 y procesar\u00e1 aquellos datos personales que EL USUARIO o visitante ingrese en el sitio web www.santa-priscila.com de conformidad con todas las leyes aplicables de la Rep\u00fablica del Ecuador.<\/p>\n<p>Industrial Pesquera Santa Priscila se compromete a actualizar y mantener las medidas t\u00e9cnicas que estime necesarias para garantizar la seguridad y confidencialidad de los Datos de Car\u00e1cter Personal, impidiendo cualquier alteraci\u00f3n, p\u00e9rdida, tratamiento, procesamiento o acceso no autorizado. Esta obligaci\u00f3n se desarrollar\u00e1 de conformidad con el estado de la tecnolog\u00eda y la naturaleza de los datos personales.<\/p>\n<\/div><\/div><\/div><div class=\"panel panel-default\"><div class=\"panel-heading\" ><a class=\"accordion-toggle\" data-toggle=\"collapse\" data-parent=\"#accordion-style-2-1\" href=\"#accordion-one-link-3\"><div class=\"panel-title hongo_font_1589947800175 alt-font\"><span class=\"accordion-title hongo_font_1589947800175 alt-font\">Claves de acceso y N\u00famero Confidenciales<\/span><span class=\"pull-right\"><i class=\"fas ti-plus\"><\/i><\/span><\/div><\/a><\/div><div id=\"accordion-one-link-3\" class=\"panel-collapse collapse\"><div class=\"panel-body hongo_font_1589947800177\"><p>En todo momento, el usuario es el responsable \u00fanico y final de mantener en secreto el n\u00famero de sus claves con los cuales tenga acceso a los servicios y contenidos de este sitio web.<\/p>\n<\/div><\/div><\/div><\/div><\/div><\/div><\/div><\/section><div class=\"vc_row-full-width vc_clearfix\"><\/div><section class=\"vc_row wpb_row vc_row-fluid  vc_custom_1563790204260    hongo_responsive_1563790204268\"><div class=\"wpb_column vc_column_container col-xs-mobile-fullwidth vc_col-sm-12 wow fadeIn\" data-wow-duration= 1200ms><div class=\"vc_column-inner\"><div class=\"wpb_wrapper\"><div class=\"alt-font heading-style-2 vc_custom_1589422998593  hongo_responsive_1589422998598 heading-2 hongo-section-heading hongo_font_1589422998592\">Pagos<\/div><ul class=\"list-style list-style-9 list-style9-3\"><li><div class=\"alt-font hongo_font_1589904952579\">Medios de Pago<\/div><p class=\"\">EL USUARIO se compromete a pagar en el momento que realiza la compra; al precio que figure en el sitio www.santa-priscila.com En cualquier caso, dichas tarifas ser\u00e1n comunicadas previamente al Cliente antes de formalizar la compra.\nLa empresa oferente informar\u00e1, en todos los casos, de forma clara e inequ\u00edvoca, el precio, total de impuestos generados por los productos, as\u00ed como los medios de pago aceptados y financiaci\u00f3n. \nLos datos transaccionales del USUARIO no ser\u00e1n administrados por Industrial Pesquera Santa Priscila sino por los servidores de cada entidad crediticia. Los pagos con tarjetas de cr\u00e9dito\/d\u00e9bito se realizar\u00e1n a trav\u00e9s del bot\u00f3n de pagos, con sus protocolos de seguridad. \n<\/p><\/li><li><div class=\"alt-font hongo_font_1589904952579\">Devoluciones, Cancelaciones y Reclamos<\/div><p class=\"\">Una vez confirmada(s) la(s) orden(es) de compra, Industrial Pesquera Santa Priscila no aceptar\u00e1 bajo ning\u00fan concepto cancelaciones de pedidos cuando sean solicitados antes o despu\u00e9s de la entrega.\nSeg\u00fan el art\u00edculo 45 de la Ley Org\u00e1nica de Defensa del Consumidor, los Consumidores tendr\u00e1n derecho a solicitar la devoluci\u00f3n del producto, hasta 72 horas posteriores a la recepci\u00f3n del mismo, siempre y cuando la naturaleza del producto lo permita y el estado sea el mismo en el que se lo recibi\u00f3.\nPara cualquier reclamo con su pedido, por favor contactarse con el Departamento de Servicio al Cliente de Industrial Pesquera Santa Priscila al 6005231 EXT. 140 \u2013 126 o escriba al siguiente correo electr\u00f3nico: puntodeventa@santa-priscila.com<\/p><\/li><\/ul><\/div><\/div><\/div><\/section><section data-vc-full-width=\"true\" data-vc-full-width-init=\"false\" data-vc-stretch-content=\"true\" data-vc-parallax-image=\"0.5\" class=\"vc_row wpb_row vc_row-fluid  vc_custom_1589469834725   hongo-row-min-height vc_row-has-fill hongo-stretch-content hongo-stretch-content-fluid vc_row-o-content-middle vc_row-flex parallax\" style=\"min-height: 400px;\"><div class=\"wpb_column vc_column_container vc_col-has-fill col-xs-mobile-fullwidth vc_col-sm-12\"><div class=\"vc_column-inner fix-background bg-position-left-top vc_custom_1560143743999\" style=\"min-height: 400px;\"><div class=\"wpb_wrapper\"><\/div><\/div><\/div><\/section><div class=\"vc_row-full-width vc_clearfix\"><\/div><section class=\"vc_row wpb_row vc_row-fluid  vc_custom_1572509243764   wow fadeIn  hongo_responsive_1572509243769\"><div class=\"wpb_column vc_column_container col-xs-mobile-fullwidth vc_col-sm-6 text-left\"><div class=\"vc_column-inner vc_custom_1572509227272  hongo_responsive_1572509227282\"><div class=\"wpb_wrapper\"><div class=\"alt-font heading-style-2 vc_custom_1589905201158  hongo_responsive_1589905201161 heading-3 hongo-section-heading hongo_font_1589905201156\">Uso y Aceptaci\u00f3n<\/div><\/div><\/div><\/div><div class=\"wpb_column vc_column_container col-xs-mobile-fullwidth vc_col-sm-6\"><div class=\"vc_column-inner vc_custom_1572509235849  hongo_responsive_1572509235861\"><div class=\"wpb_wrapper\"><ul class=\"list-style list-style-9 list-style9-4\"><li><div class=\"alt-font hongo_font_1589947981525\">Procedimiento de uso y aceptaci\u00f3n de contratos a trav\u00e9s del Sitio<\/div><p class=\"\">En los contratos ofrecidos por medio del sitio www.santa-priscila.com se informar\u00e1n los pasos que deber\u00e1 seguir EL USUARIO para celebrarlos, e informar\u00e1, cuando corresponda, si el documento electr\u00f3nico en que se formalice el contrato ser\u00e1 archivado y si \u00e9ste ser\u00e1 accesible al consumidor. El s\u00f3lo hecho de seguir los pasos para realizar una compra, implica aceptaci\u00f3n expresa de los presentes T\u00e9rminos y Condiciones.<\/p><\/li><li><div class=\"alt-font hongo_font_1589947981525\">\u00c1mbito de la Aplicaci\u00f3n<\/div><p class=\"\">Las condiciones y t\u00e9rminos que se enumeran en el presente contrato son \u00fanicamente aplicables a las compras que se verifiquen exclusivamente a trav\u00e9s del sitio web www.santa-priscila.com, quedando fuera de las mismas las compras realizadas en otros canales de Industrial Pesquera Santa Priscila.<\/p><\/li><\/ul><\/div><\/div><\/div><\/section>\n","protected":false},"excerpt":{"rendered":"T\u00e9rminos y CondicionesAl realizar pedidos a trav\u00e9s de la plataforma web de www.santa-priscila.com usted est\u00e1 aceptando los siguientes t\u00e9rminos y condiciones El presente reglamento describe los t\u00e9rminos y condiciones generales aplicables al acceso y uso de los servicios ofrecidos por Industrial Pesquera Santa Priscila dentro del sitio web www.santa-priscila.com Cualquier persona que desee acceder y\/o usar el sitio o los servicios podr\u00e1 hacerlo sujet\u00e1ndose a los T\u00e9rminos y Condiciones que a continuaci\u00f3n se enumeran (en adelante \u201cEL USUARIO\u201d o \u201cEL CLIENTE\u201d). En consecuencia, EL USUARIO acepta que todos los contratos y transacciones que se realicen en este sitio, como asimismo sus efectos jur\u00eddicos, quedar\u00e1n regidos por estas reglas y sometidas a la normativa de la Rep\u00fablica del Ecuador en la materia.Propiedad IntelectualLos derechos de propiedad intelectual respecto de los contenidos, as\u00ed como los derechos de uso y explotaci\u00f3n de los mismos, incluyendo su divulgaci\u00f3n, publicaci\u00f3n, reproducci\u00f3n, distribuci\u00f3n y transformaci\u00f3n, son propiedad exclusiva de Industrial Pesquera Santa Priscila. El usuario no podr\u00e1 utilizar los contenidos de este sitio web con fines distintos a los que se contemplan en los presentes T\u00e9rminos y Condiciones de Uso y Privacidad.Calidad de los Servicios y ContenidosNi Industrial Pesquera Santa Priscila, proveedores o socios comerciales ser\u00e1n...","protected":false},"author":2,"featured_media":0,"parent":0,"menu_order":0,"comment_status":"closed","ping_status":"closed","template":"","meta":[],"_links":{"self":[{"href":"https:\/\/santa-priscila.com\/Quito\/wp-json\/wp\/v2\/pages\/9327"}],"collection":[{"href":"https:\/\/santa-priscila.com\/Quito\/wp-json\/wp\/v2\/pages"}],"about":[{"href":"https:\/\/santa-priscila.com\/Quito\/wp-json\/wp\/v2\/types\/page"}],"author":[{"embeddable":true,"href":"https:\/\/santa-priscila.com\/Quito\/wp-json\/wp\/v2\/users\/2"}],"replies":[{"embeddable":true,"href":"https:\/\/santa-priscila.com\/Quito\/wp-json\/wp\/v2\/comments?post=9327"}],"version-history":[{"count":36,"href":"https:\/\/santa-priscila.com\/Quito\/wp-json\/wp\/v2\/pages\/9327\/revisions"}],"predecessor-version":[{"id":99746,"href":"https:\/\/santa-priscila.com\/Quito\/wp-json\/wp\/v2\/pages\/9327\/revisions\/99746"}],"wp:attachment":[{"href":"https:\/\/santa-priscila.com\/Quito\/wp-json\/wp\/v2\/media?parent=9327"}],"curies":[{"name":"wp","href":"https:\/\/api.w.org\/{rel}","templated":true}]}}