{"id":9309,"date":"2018-06-01T06:52:55","date_gmt":"2018-06-01T11:52:55","guid":{"rendered":"http:\/\/hongo.themezaa.com\/?page_id=9309"},"modified":"2020-07-31T13:45:50","modified_gmt":"2020-07-31T18:45:50","slug":"quienes-somos","status":"publish","type":"page","link":"https:\/\/santa-priscila.com\/Quito\/quienes-somos\/","title":{"rendered":"Qui\u00e9nes Somos"},"content":{"rendered":"<section data-vc-full-width=\"true\" data-vc-full-width-init=\"false\" data-vc-stretch-content=\"true\" class=\"vc_row wpb_row vc_row-fluid  vc_custom_1592337695641   hongo-stretch-content hongo-stretch-content-fluid vc_row-o-equal-height vc_row-o-content-middle vc_row-flex  hongo_responsive_1592337695645\"><div class=\"wpb_column vc_column_container col-xs-mobile-fullwidth vc_col-sm-12 vc_col-md-6\"><div class=\"vc_column-inner  hongo_responsive_1565160967363\"><div class=\"wpb_wrapper\"><div class=\"wpb_single_image    hongo-full-width-single-image\">\r\n\t\t\t<figure class=\"wpb_wrapper vc_figure\">\r\n\t\t\t\t<div class=\"vc_single_image-wrapper  \"><img width=\"800\" height=\"675\" src=\"https:\/\/santa-priscila.com\/Quito\/wp-content\/uploads\/2020\/06\/santa-priscila-acercadenosotros.jpg\" class=\"vc_single_image-img attachment-full\" alt=\"Santa Priscila - Acerca de Nosotros\" loading=\"lazy\" srcset=\"https:\/\/santa-priscila.com\/Quito\/wp-content\/uploads\/2020\/06\/santa-priscila-acercadenosotros.jpg 800w, https:\/\/santa-priscila.com\/Quito\/wp-content\/uploads\/2020\/06\/santa-priscila-acercadenosotros-300x253.jpg 300w, https:\/\/santa-priscila.com\/Quito\/wp-content\/uploads\/2020\/06\/santa-priscila-acercadenosotros-768x648.jpg 768w, https:\/\/santa-priscila.com\/Quito\/wp-content\/uploads\/2020\/06\/santa-priscila-acercadenosotros-84x71.jpg 84w, https:\/\/santa-priscila.com\/Quito\/wp-content\/uploads\/2020\/06\/santa-priscila-acercadenosotros-200x169.jpg 200w, https:\/\/santa-priscila.com\/Quito\/wp-content\/uploads\/2020\/06\/santa-priscila-acercadenosotros-450x380.jpg 450w, https:\/\/santa-priscila.com\/Quito\/wp-content\/uploads\/2020\/06\/santa-priscila-acercadenosotros-360x304.jpg 360w\" sizes=\"(max-width: 800px) 100vw, 800px\" \/><\/div>\r\n\t\t\t<\/figure>\r\n\t\t\t\r\n\t\t<\/div><\/div><\/div><\/div><div class=\"wpb_column vc_column_container col-xs-mobile-fullwidth vc_col-sm-12 vc_col-md-6 text-left sm-text-center\"><div class=\"vc_column-inner vc_custom_1565160907779  hongo_responsive_1565160907785\"><div class=\"wpb_wrapper\"><div class=\"alt-font heading-style-5 vc_custom_1592337209384  hongo_responsive_1592337209388 heading-1 hongo-section-heading hongo_font_1592337209382\"><span>ACERCA DE NOSOTROS<\/span><\/div><div class=\"alt-font heading-style-3 vc_custom_1592337338138 heading-2 hongo-section-heading hongo_font_1592337338136\">Industrial Pesquera Santa Priscila, lleva produciendo y exportando camar\u00f3n y tilapia desde el a\u00f1o 1976<\/div><div class=\"text-block-content hongo-text-block-1 last-paragraph-no-margin\"><p>Pioneros en investigaci\u00f3n e innovaci\u00f3n en el campo de la acuicultura ecuatoriana, a trav\u00e9s de los a\u00f1os hemos desarrollado un proceso integral de nuestra producci\u00f3n; teniendo nuestro propio programa de gen\u00e9tica, laboratorios para la producci\u00f3n de larvas estanques, planta de alimentos de camar\u00f3n y tilapia, planta de empaque y exportaci\u00f3n depender de terceros.<\/p>\n<\/div>[vc_empty_space height=&#8221;20px&#8221;]<div class=\"text-block-content hongo-text-block-2 last-paragraph-no-margin\"><p>Nuestros procesos y productos cumplen con las regulaciones nacionales e internacionales de diferentes pa\u00edses y continentes (UE, USFDA, China, Corea, Rusia, etc), as\u00ed como certificaciones emitidas por varias entidades privadas reconocidas en el mundo entero.<\/p>\n<\/div><\/div><\/div><\/div><\/section><div class=\"vc_row-full-width vc_clearfix\"><\/div><section data-vc-full-width=\"true\" data-vc-full-width-init=\"false\" class=\"vc_row wpb_row vc_row-fluid  vc_custom_1592337668212   wow fadeIn hongo-stretch-content hongo-stretch-row-container  hongo_responsive_1592337668217\"><div class=\"wpb_column vc_column_container vc_col-sm-10 vc_col-lg-offset-3 vc_col-lg-6 vc_col-md-offset-2 vc_col-md-8 vc_col-sm-offset-1 vc_col-xs-12 text-center\"><div class=\"vc_column-inner vc_custom_1572515790162  hongo_responsive_1572515790166\"><div class=\"wpb_wrapper\">[vc_empty_space height=&#8221;40px&#8221;]<div class=\"alt-font heading-style-3 vc_custom_1592343767318 heading-3 hongo-section-heading hongo_font_1592343767315\">NUESTRAS GRANJAS<\/div><div class=\"text-block-content hongo-text-block-3 last-paragraph-no-margin\"><p>Nuestras granjas est\u00e1n ubicadas en zonas de agua oce\u00e1nica, no influenciadas por centros poblacionales y cuentan con una log\u00edstica de primer nivel y acceso terrestre.\u00a0El green house de alimentos vegetales es de los m\u00e1s modernos en Sudam\u00e9rica y cuenta con un continuo programa de desarrollo de alta tecnolog\u00eda.<\/p>\n<\/div>[vc_empty_space height=&#8221;30px&#8221;]<div class=\"alt-font heading-style-3 vc_custom_1592343784363 heading-4 hongo-section-heading hongo_font_1592343784362\">Te invitamos a conocerlas:<\/div><\/div><\/div><\/div><\/section><div class=\"vc_row-full-width vc_clearfix\"><\/div><section data-vc-full-width=\"true\" data-vc-full-width-init=\"false\" class=\"vc_row wpb_row vc_row-fluid  vc_custom_1572515873933   wow fadeIn hongo-stretch-content hongo-stretch-row-container  hongo_responsive_1572515873937\"><div class=\"wpb_column vc_column_container col-xs-mobile-fullwidth vc_col-sm-4\"><div class=\"vc_column-inner  hongo_responsive_1572515893087\"><div class=\"wpb_wrapper\"><div class=\"alt-font heading-style-3 vc_custom_1592331980784 heading-5 hongo-section-heading hongo_font_1592331980783\">CHANDUY<\/div><div class=\"wpb_single_image vc_align_center   hongo-full-width-single-image\">\r\n\t\t\t<figure class=\"wpb_wrapper vc_figure\">\r\n\t\t\t\t<div class=\"vc_single_image-wrapper  \"><img width=\"800\" height=\"900\" src=\"https:\/\/santa-priscila.com\/Quito\/wp-content\/uploads\/2020\/06\/santa-priscila-chanduy.jpg\" class=\"vc_single_image-img attachment-full\" alt=\"Santa Priscila - Finca Chanduy\" loading=\"lazy\" srcset=\"https:\/\/santa-priscila.com\/Quito\/wp-content\/uploads\/2020\/06\/santa-priscila-chanduy.jpg 800w, https:\/\/santa-priscila.com\/Quito\/wp-content\/uploads\/2020\/06\/santa-priscila-chanduy-267x300.jpg 267w, https:\/\/santa-priscila.com\/Quito\/wp-content\/uploads\/2020\/06\/santa-priscila-chanduy-768x864.jpg 768w, https:\/\/santa-priscila.com\/Quito\/wp-content\/uploads\/2020\/06\/santa-priscila-chanduy-84x95.jpg 84w, https:\/\/santa-priscila.com\/Quito\/wp-content\/uploads\/2020\/06\/santa-priscila-chanduy-200x225.jpg 200w, https:\/\/santa-priscila.com\/Quito\/wp-content\/uploads\/2020\/06\/santa-priscila-chanduy-450x506.jpg 450w, https:\/\/santa-priscila.com\/Quito\/wp-content\/uploads\/2020\/06\/santa-priscila-chanduy-702x790.jpg 702w, https:\/\/santa-priscila.com\/Quito\/wp-content\/uploads\/2020\/06\/santa-priscila-chanduy-360x405.jpg 360w\" sizes=\"(max-width: 800px) 100vw, 800px\" \/><\/div>\r\n\t\t\t<\/figure>\r\n\t\t\t\r\n\t\t<\/div><\/div><\/div><\/div><div class=\"wpb_column vc_column_container col-xs-mobile-fullwidth vc_col-sm-4\"><div class=\"vc_column-inner  hongo_responsive_1572515902577\"><div class=\"wpb_wrapper\"><div class=\"alt-font heading-style-3 vc_custom_1592332038474 heading-6 hongo-section-heading hongo_font_1592332038473\">CHURUTE<\/div><div class=\"wpb_single_image vc_align_center   hongo-full-width-single-image\">\r\n\t\t\t<figure class=\"wpb_wrapper vc_figure\">\r\n\t\t\t\t<div class=\"vc_single_image-wrapper  \"><img width=\"800\" height=\"900\" src=\"https:\/\/santa-priscila.com\/Quito\/wp-content\/uploads\/2020\/06\/santa-priscila-churute.jpg\" class=\"vc_single_image-img attachment-full\" alt=\"Santa Priscila - Finca Churute\" loading=\"lazy\" srcset=\"https:\/\/santa-priscila.com\/Quito\/wp-content\/uploads\/2020\/06\/santa-priscila-churute.jpg 800w, https:\/\/santa-priscila.com\/Quito\/wp-content\/uploads\/2020\/06\/santa-priscila-churute-267x300.jpg 267w, https:\/\/santa-priscila.com\/Quito\/wp-content\/uploads\/2020\/06\/santa-priscila-churute-768x864.jpg 768w, https:\/\/santa-priscila.com\/Quito\/wp-content\/uploads\/2020\/06\/santa-priscila-churute-84x95.jpg 84w, https:\/\/santa-priscila.com\/Quito\/wp-content\/uploads\/2020\/06\/santa-priscila-churute-200x225.jpg 200w, https:\/\/santa-priscila.com\/Quito\/wp-content\/uploads\/2020\/06\/santa-priscila-churute-450x506.jpg 450w, https:\/\/santa-priscila.com\/Quito\/wp-content\/uploads\/2020\/06\/santa-priscila-churute-702x790.jpg 702w, https:\/\/santa-priscila.com\/Quito\/wp-content\/uploads\/2020\/06\/santa-priscila-churute-360x405.jpg 360w\" sizes=\"(max-width: 800px) 100vw, 800px\" \/><\/div>\r\n\t\t\t<\/figure>\r\n\t\t\t\r\n\t\t<\/div><\/div><\/div><\/div><div class=\"wpb_column vc_column_container col-xs-mobile-fullwidth vc_col-sm-4\"><div class=\"vc_column-inner\"><div class=\"wpb_wrapper\"><div class=\"alt-font heading-style-3 vc_custom_1592332052973 heading-7 hongo-section-heading hongo_font_1592332052972\">TAURA<\/div><div class=\"wpb_single_image vc_align_center   hongo-full-width-single-image\">\r\n\t\t\t<figure class=\"wpb_wrapper vc_figure\">\r\n\t\t\t\t<div class=\"vc_single_image-wrapper  \"><img width=\"800\" height=\"900\" src=\"https:\/\/santa-priscila.com\/Quito\/wp-content\/uploads\/2020\/06\/santa-priscila-taura.jpg\" class=\"vc_single_image-img attachment-full\" alt=\"Santa Priscila - Finca Taura\" loading=\"lazy\" srcset=\"https:\/\/santa-priscila.com\/Quito\/wp-content\/uploads\/2020\/06\/santa-priscila-taura.jpg 800w, https:\/\/santa-priscila.com\/Quito\/wp-content\/uploads\/2020\/06\/santa-priscila-taura-267x300.jpg 267w, https:\/\/santa-priscila.com\/Quito\/wp-content\/uploads\/2020\/06\/santa-priscila-taura-768x864.jpg 768w, https:\/\/santa-priscila.com\/Quito\/wp-content\/uploads\/2020\/06\/santa-priscila-taura-84x95.jpg 84w, https:\/\/santa-priscila.com\/Quito\/wp-content\/uploads\/2020\/06\/santa-priscila-taura-200x225.jpg 200w, https:\/\/santa-priscila.com\/Quito\/wp-content\/uploads\/2020\/06\/santa-priscila-taura-450x506.jpg 450w, https:\/\/santa-priscila.com\/Quito\/wp-content\/uploads\/2020\/06\/santa-priscila-taura-702x790.jpg 702w, https:\/\/santa-priscila.com\/Quito\/wp-content\/uploads\/2020\/06\/santa-priscila-taura-360x405.jpg 360w\" sizes=\"(max-width: 800px) 100vw, 800px\" \/><\/div>\r\n\t\t\t<\/figure>\r\n\t\t\t\r\n\t\t<\/div><\/div><\/div><\/div><\/section><div class=\"vc_row-full-width vc_clearfix\"><\/div><section data-vc-full-width=\"true\" data-vc-full-width-init=\"false\" data-vc-stretch-content=\"true\" data-vc-parallax-image=\"0.8\" class=\"vc_row wpb_row vc_row-fluid  vc_custom_1596220622063   wow fadeIn vc_row-has-fill hongo-stretch-content hongo-stretch-content-fluid parallax  hongo_responsive_1596220622067\"><div class=\"hongo-overlay\" style=\"opacity:0.5; \"><\/div><div class=\"wpb_column vc_column_container vc_col-sm-10 vc_col-lg-offset-3 vc_col-lg-6 vc_col-md-offset-2 vc_col-md-8 vc_col-sm-offset-1 vc_col-xs-12 text-center\"><div class=\"vc_column-inner\"><div class=\"wpb_wrapper\"><div class=\"alt-font heading-style-1 vc_custom_1596221026361 heading-8 hongo-section-heading hongo_font_1596221026360\">\u201cLa pasi\u00f3n es inagotable y se siente a diario, se sale de la piel, la siente mi gente, y la siento yo.\u201d<\/div><div class=\"text-block-content hongo-text-block-4 last-paragraph-no-margin\"><p><strong><span style=\"color: #ffffff;\">Ing. Santiago Salem, Presidente Ejecutivo<\/span><\/strong><\/p>\n<\/div><\/div><\/div><\/div><\/section><div class=\"vc_row-full-width vc_clearfix\"><\/div><section data-vc-full-width=\"true\" data-vc-full-width-init=\"false\" data-vc-stretch-content=\"true\" class=\"vc_row wpb_row vc_row-fluid  vc_custom_1592335567294   wow fadeIn vc_row-has-fill hongo-stretch-content vc_row-no-padding hongo-stretch-content-fluid vc_row-o-equal-height vc_row-o-content-middle vc_row-flex\"><div class=\"wpb_column vc_column_container vc_col-has-fill vc_col-sm-12 vc_col-md-6 vc_col-xs-12 wow fadeInLeft\" data-wow-delay= 100ms data-wow-duration= 1200ms><div class=\"vc_column-inner cover-background vc_custom_1595600671954  hongo_responsive_1595600671960\"><div class=\"wpb_wrapper\"><\/div><\/div><\/div><div class=\"wpb_column vc_column_container vc_col-has-fill vc_col-sm-12 vc_col-md-6 vc_col-xs-12 wow fadeInRight text-center\" data-wow-delay= 400ms data-wow-duration= 1200ms><div class=\"vc_column-inner vc_custom_1592337938211  hongo_responsive_1592337938215\"><div class=\"wpb_wrapper\"><div class=\"alt-font heading-style-5  hongo_responsive_1592335121632 heading-9 hongo-section-heading hongo_font_1592335121627\"><span>EN 1976 EN ECUADOR, COMIENZA<\/span><\/div><div class=\"alt-font heading-style-3 vc_custom_1592335544308  hongo_responsive_1592335544312 heading-10 hongo-section-heading hongo_font_1592335544306\">Nuestra Historia<\/div><div class=\"text-block-content hongo-text-block-5 vc_custom_1592335238197 last-paragraph-no-margin\"><p style=\"text-align: left;\">En 1976 empieza en Ecuador la industria acu\u00edcola, una industria nueva, movida por la visi\u00f3n de ser parte de un mundo mejor: con alimentos sostenibles, que no se acaben en el tiempo; por que lor recursos del hombre y la naturaleza no son infinitos. Nosotros elegimos ser generadores de cambios para proteger y salvaguardar los recursos naturales del pa\u00eds.<\/p>\n<\/div><div class=\"text-block-content hongo-text-block-6 vc_custom_1592336153790 last-paragraph-no-margin\"><p style=\"text-align: left;\">Nuestro prop\u00f3sito era proteger de la extinci\u00f3n a las especies marinas. Nos toc\u00f3 inventar de cero, en otras partes del mundo donde no hab\u00eda nada igual. El modelo se desarroll\u00f3 en Ecuador por ecuatorianos con experiencia y aprendizaje propios.<\/p>\n<\/div><div class=\"text-block-content hongo-text-block-7 vc_custom_1592336162910 last-paragraph-no-margin\"><p style=\"text-align: left;\">En el camino fuimos encontrando retos y much\u00edsimos aprendizajes que nos desafiaron a hacer las cosas de mejor manera, un gran ejemplo fue lo que nos dej\u00f3 la crisis de la mancha blanca, que fue un reto biol\u00f3gico y social, fuimos declarados en emergencia mundial.<\/p>\n<\/div><div class=\"text-block-content hongo-text-block-8 vc_custom_1592335290872 last-paragraph-no-margin\"><p style=\"text-align: left;\">La clave de la salida de la mancha blanca fue cambiar el proceso original, eliminando por completo el uso de los antibi\u00f3ticos y reemplaz\u00e1ndolo por probi\u00f3ticos, para que las especies se hagan mas fuertes y se encuentren saludables para que sirvan como alimento.<\/p>\n<\/div><div class=\"alt-font heading-style-5  hongo_responsive_1592335334634 heading-11 hongo-section-heading hongo_font_1592335334626\"><span>Seguiremos invirtiendo en la industria y en el pa\u00eds, como lo hemos hecho desde el a\u00f1o 1976, porque creemos en un Ecuador mejor, en un mundo mejor.<\/span><\/div>[vc_empty_space height=&#8221;20px&#8221;]<\/div><\/div><\/div><\/section><div class=\"vc_row-full-width vc_clearfix\"><\/div><section data-vc-full-width=\"true\" data-vc-full-width-init=\"false\" data-vc-stretch-content=\"true\" class=\"vc_row wpb_row vc_row-fluid  vc_custom_1592345497453   vc_row-has-fill hongo-stretch-content hongo-stretch-content-fluid  hongo_responsive_1592345497458\"><div class=\"wpb_column vc_column_container col-xs-mobile-fullwidth vc_col-sm-6 vc_col-md-3 wow fadeIn text-center\" data-wow-duration= 1200ms><div class=\"vc_column-inner  hongo_responsive_1564217223984\"><div class=\"wpb_wrapper\"><div class=\"hongo-featurebox-wrap hongo-product-featurebox vc_custom_1592343518837 icon-text-style-5 icon_text5-1\"><div class=\"hongo-featurebox-wrapper\"><div class=\"hongo-featurebox-img\"><img width=\"90\" height=\"90\" src=\"https:\/\/santa-priscila.com\/Quito\/wp-content\/uploads\/2020\/06\/Iconos-Quienes-Somos_03_1.jpg\" class=\"\" alt=\"Santa Priscila - Acerca de Nosotros\" loading=\"lazy\" title=\"\" srcset=\"https:\/\/santa-priscila.com\/Quito\/wp-content\/uploads\/2020\/06\/Iconos-Quienes-Somos_03_1.jpg 90w, https:\/\/santa-priscila.com\/Quito\/wp-content\/uploads\/2020\/06\/Iconos-Quienes-Somos_03_1-64x64.jpg 64w, https:\/\/santa-priscila.com\/Quito\/wp-content\/uploads\/2020\/06\/Iconos-Quienes-Somos_03_1-84x84.jpg 84w\" sizes=\"(max-width: 90px) 100vw, 90px\" \/><\/div><div class=\"hongo-featurebox-text hongo_font_1592343518825 alt-font\">IDEALISTAS<\/div><div class=\"content hongo_font_1592343518832\">So\u00f1amos con un mejor planeta, promovemos la sostenibilidad de nuestros recursos.<\/div><\/div><\/div><\/div><\/div><\/div><div class=\"wpb_column vc_column_container col-xs-mobile-fullwidth vc_col-sm-6 vc_col-md-3 wow fadeIn text-center\" data-wow-delay= 150ms data-wow-duration= 1200ms><div class=\"vc_column-inner  hongo_responsive_1564217232953\"><div class=\"wpb_wrapper\"><div class=\"hongo-featurebox-wrap hongo-product-featurebox vc_custom_1592343543462 icon-text-style-5 icon_text5-2\"><div class=\"hongo-featurebox-wrapper\"><div class=\"hongo-featurebox-img\"><img width=\"90\" height=\"90\" src=\"https:\/\/santa-priscila.com\/Quito\/wp-content\/uploads\/2020\/06\/Iconos-Quienes-Somos_03_2.jpg\" class=\"\" alt=\"Santa Priscila - Acerca de Nosotros\" loading=\"lazy\" title=\"\" srcset=\"https:\/\/santa-priscila.com\/Quito\/wp-content\/uploads\/2020\/06\/Iconos-Quienes-Somos_03_2.jpg 90w, https:\/\/santa-priscila.com\/Quito\/wp-content\/uploads\/2020\/06\/Iconos-Quienes-Somos_03_2-64x64.jpg 64w, https:\/\/santa-priscila.com\/Quito\/wp-content\/uploads\/2020\/06\/Iconos-Quienes-Somos_03_2-84x84.jpg 84w\" sizes=\"(max-width: 90px) 100vw, 90px\" \/><\/div><div class=\"hongo-featurebox-text hongo_font_1592343543451 alt-font\">PROTECTORES<\/div><div class=\"content hongo_font_1592343543458\">Con la naturaleza, con nuestra gente, con nuestros consumidores.<\/div><\/div><\/div><\/div><\/div><\/div><div class=\"wpb_column vc_column_container col-xs-mobile-fullwidth vc_col-sm-6 vc_col-md-3 sm-clear-both wow fadeIn text-center\" data-wow-delay= 300ms data-wow-duration= 1200ms data-clear-both=\"sm-clear-both\"><div class=\"vc_column-inner  hongo_responsive_1564217241136\"><div class=\"wpb_wrapper\"><div class=\"hongo-featurebox-wrap hongo-product-featurebox vc_custom_1592344832513 icon-text-style-5 icon_text5-3\"><div class=\"hongo-featurebox-wrapper\"><div class=\"hongo-featurebox-img\"><img width=\"90\" height=\"90\" src=\"https:\/\/santa-priscila.com\/Quito\/wp-content\/uploads\/2020\/06\/Iconos-Quienes-Somos_03_3.jpg\" class=\"\" alt=\"Santa Priscila - Acerca de Nosotros\" loading=\"lazy\" title=\"\" srcset=\"https:\/\/santa-priscila.com\/Quito\/wp-content\/uploads\/2020\/06\/Iconos-Quienes-Somos_03_3.jpg 90w, https:\/\/santa-priscila.com\/Quito\/wp-content\/uploads\/2020\/06\/Iconos-Quienes-Somos_03_3-64x64.jpg 64w, https:\/\/santa-priscila.com\/Quito\/wp-content\/uploads\/2020\/06\/Iconos-Quienes-Somos_03_3-84x84.jpg 84w\" sizes=\"(max-width: 90px) 100vw, 90px\" \/><\/div><div class=\"hongo-featurebox-text hongo_font_1592344832499 alt-font\">INNOVADORES<\/div><div class=\"content hongo_font_1592344832507\">Perseguimos nuestros ideales, nos reinventarnos para encontrar mejores soluciones.<\/div><\/div><\/div><\/div><\/div><\/div><div class=\"wpb_column vc_column_container col-xs-mobile-fullwidth vc_col-sm-6 vc_col-md-3 wow fadeIn text-center\" data-wow-delay= 450ms data-wow-duration= 1200ms><div class=\"vc_column-inner\"><div class=\"wpb_wrapper\"><div class=\"hongo-featurebox-wrap hongo-product-featurebox vc_custom_1592345233116 icon-text-style-5 icon_text5-4\"><div class=\"hongo-featurebox-wrapper\"><div class=\"hongo-featurebox-img\"><img width=\"90\" height=\"90\" src=\"https:\/\/santa-priscila.com\/Quito\/wp-content\/uploads\/2020\/06\/Iconos-Quienes-Somos_03_4.jpg\" class=\"\" alt=\"Santa Priscila - Acerca de Nosotros\" loading=\"lazy\" title=\"\" srcset=\"https:\/\/santa-priscila.com\/Quito\/wp-content\/uploads\/2020\/06\/Iconos-Quienes-Somos_03_4.jpg 90w, https:\/\/santa-priscila.com\/Quito\/wp-content\/uploads\/2020\/06\/Iconos-Quienes-Somos_03_4-64x64.jpg 64w, https:\/\/santa-priscila.com\/Quito\/wp-content\/uploads\/2020\/06\/Iconos-Quienes-Somos_03_4-84x84.jpg 84w\" sizes=\"(max-width: 90px) 100vw, 90px\" \/><\/div><div class=\"hongo-featurebox-text hongo_font_1592345233101 alt-font\">TRANSPARENTES<\/div><div class=\"content hongo_font_1592345233109\">Fieles a nuestros principios de \u00e9tica y transparencia, con lo que entregamos a la sociedad.<\/div><\/div><\/div><\/div><\/div><\/div><\/section><div class=\"vc_row-full-width vc_clearfix\"><\/div>\n","protected":false},"excerpt":{"rendered":"ACERCA DE NOSOTROSIndustrial Pesquera Santa Priscila, lleva produciendo y exportando camar\u00f3n y tilapia desde el a\u00f1o 1976Pioneros en investigaci\u00f3n e innovaci\u00f3n en el campo de la acuicultura ecuatoriana, a trav\u00e9s de los a\u00f1os hemos desarrollado un proceso integral de nuestra producci\u00f3n; teniendo nuestro propio programa de gen\u00e9tica, laboratorios para la producci\u00f3n de larvas estanques, planta de alimentos de camar\u00f3n y tilapia, planta de empaque y exportaci\u00f3n depender de terceros. [vc_empty_space height=\"20px\"]Nuestros procesos y productos cumplen con las regulaciones nacionales e internacionales de diferentes pa\u00edses y continentes (UE, USFDA, China, Corea, Rusia, etc), as\u00ed como certificaciones emitidas por varias entidades privadas reconocidas en el mundo entero. [vc_empty_space height=\"40px\"]NUESTRAS GRANJASNuestras granjas est\u00e1n ubicadas en zonas de agua oce\u00e1nica, no influenciadas por centros poblacionales y cuentan con una log\u00edstica de primer nivel y acceso terrestre.\u00a0El green house de alimentos vegetales es de los m\u00e1s modernos en Sudam\u00e9rica y cuenta con un continuo programa de desarrollo de alta tecnolog\u00eda. [vc_empty_space height=\"30px\"]Te invitamos a conocerlas:CHANDUY CHURUTE TAURA \u201cLa pasi\u00f3n es inagotable y se siente a diario, se sale de la piel, la siente mi gente, y la siento yo.\u201dIng. Santiago Salem, Presidente Ejecutivo EN 1976 EN ECUADOR, COMIENZANuestra HistoriaEn 1976 empieza en Ecuador la industria...","protected":false},"author":2,"featured_media":0,"parent":0,"menu_order":0,"comment_status":"closed","ping_status":"closed","template":"","meta":[],"_links":{"self":[{"href":"https:\/\/santa-priscila.com\/Quito\/wp-json\/wp\/v2\/pages\/9309"}],"collection":[{"href":"https:\/\/santa-priscila.com\/Quito\/wp-json\/wp\/v2\/pages"}],"about":[{"href":"https:\/\/santa-priscila.com\/Quito\/wp-json\/wp\/v2\/types\/page"}],"author":[{"embeddable":true,"href":"https:\/\/santa-priscila.com\/Quito\/wp-json\/wp\/v2\/users\/2"}],"replies":[{"embeddable":true,"href":"https:\/\/santa-priscila.com\/Quito\/wp-json\/wp\/v2\/comments?post=9309"}],"version-history":[{"count":62,"href":"https:\/\/santa-priscila.com\/Quito\/wp-json\/wp\/v2\/pages\/9309\/revisions"}],"predecessor-version":[{"id":101578,"href":"https:\/\/santa-priscila.com\/Quito\/wp-json\/wp\/v2\/pages\/9309\/revisions\/101578"}],"wp:attachment":[{"href":"https:\/\/santa-priscila.com\/Quito\/wp-json\/wp\/v2\/media?parent=9309"}],"curies":[{"name":"wp","href":"https:\/\/api.w.org\/{rel}","templated":true}]}}