{"id":100723,"date":"2020-06-16T11:02:20","date_gmt":"2020-06-16T16:02:20","guid":{"rendered":"https:\/\/santa-priscila.com\/Quito\/?page_id=100723"},"modified":"2020-07-31T13:46:58","modified_gmt":"2020-07-31T18:46:58","slug":"canales","status":"publish","type":"page","link":"https:\/\/santa-priscila.com\/Quito\/canales\/","title":{"rendered":"Emprende con Nosotros"},"content":{"rendered":"<section data-vc-full-width=\"true\" data-vc-full-width-init=\"false\" data-vc-stretch-content=\"true\" data-vc-parallax-image=\"0.5\" class=\"vc_row wpb_row vc_row-fluid  vc_custom_1592341437340   hongo-row-min-height wow fadeIn vc_row-has-fill hongo-stretch-content vc_row-no-padding hongo-stretch-content-fluid vc_row-o-content-middle vc_row-flex parallax  hongo_responsive_1592341437346\" style=\"min-height: 550px;\"><div class=\"wpb_column vc_column_container vc_col-sm-12 vc_col-md-offset-2 vc_col-md-8 vc_col-xs-12 text-center\"><div class=\"vc_column-inner vc_custom_1563363820859  hongo_responsive_1563363820867\"><div class=\"wpb_wrapper\"><\/div><\/div><\/div><\/section><div class=\"vc_row-full-width vc_clearfix\"><\/div><section data-vc-full-width=\"true\" data-vc-full-width-init=\"false\" data-vc-stretch-content=\"true\" class=\"vc_row wpb_row vc_row-fluid  vc_custom_1592403759418   overflow-visible hongo-stretch-content hongo-stretch-content-fluid  hongo_responsive_1592403759423\" style=\"z-index:999999;\"><div class=\"wpb_column vc_column_container vc_col-sm-12 vc_col-md-offset-2 vc_col-md-8 vc_col-xs-12 wow fadeInDown text-center\" data-wow-delay= 150ms data-wow-duration= 1000ms><div class=\"vc_column-inner vc_custom_1564220696824  hongo_responsive_1564220696830\"><div class=\"wpb_wrapper\"><div class=\"alt-font heading-style-2 heading-1 hongo-section-heading hongo_font_1596221190756\">Canales<\/div><\/div><\/div><\/div><\/section><div class=\"vc_row-full-width vc_clearfix\"><\/div><section id=\"mayorista\" data-vc-full-width=\"true\" data-vc-full-width-init=\"false\" class=\"vc_row wpb_row vc_row-fluid  vc_custom_1592405243382   vc_row-has-fill hongo-stretch-content hongo-stretch-row-container vc_row-o-content-top vc_row-flex\"><div class=\"wpb_column vc_column_container col-xs-mobile-fullwidth vc_col-sm-6\"><div class=\"vc_column-inner\"><div class=\"wpb_wrapper\"><div class=\"wpb_single_image    hongo-full-width-single-image\">\r\n\t\t\t<figure class=\"wpb_wrapper vc_figure\">\r\n\t\t\t\t<div class=\"vc_single_image-wrapper  \"><img width=\"800\" height=\"900\" src=\"https:\/\/santa-priscila.com\/Quito\/wp-content\/uploads\/2020\/07\/Banners-Canales_Mayorista01.jpg\" class=\"vc_single_image-img attachment-full\" alt=\"Santa Priscila - Emprende con Nosotros\" loading=\"lazy\" srcset=\"https:\/\/santa-priscila.com\/Quito\/wp-content\/uploads\/2020\/07\/Banners-Canales_Mayorista01.jpg 800w, https:\/\/santa-priscila.com\/Quito\/wp-content\/uploads\/2020\/07\/Banners-Canales_Mayorista01-267x300.jpg 267w, https:\/\/santa-priscila.com\/Quito\/wp-content\/uploads\/2020\/07\/Banners-Canales_Mayorista01-768x864.jpg 768w, https:\/\/santa-priscila.com\/Quito\/wp-content\/uploads\/2020\/07\/Banners-Canales_Mayorista01-84x95.jpg 84w, https:\/\/santa-priscila.com\/Quito\/wp-content\/uploads\/2020\/07\/Banners-Canales_Mayorista01-200x225.jpg 200w, https:\/\/santa-priscila.com\/Quito\/wp-content\/uploads\/2020\/07\/Banners-Canales_Mayorista01-450x506.jpg 450w, https:\/\/santa-priscila.com\/Quito\/wp-content\/uploads\/2020\/07\/Banners-Canales_Mayorista01-702x790.jpg 702w, https:\/\/santa-priscila.com\/Quito\/wp-content\/uploads\/2020\/07\/Banners-Canales_Mayorista01-360x405.jpg 360w\" sizes=\"(max-width: 800px) 100vw, 800px\" \/><\/div>\r\n\t\t\t<\/figure>\r\n\t\t\t\r\n\t\t<\/div><\/div><\/div><\/div><div class=\"wpb_column vc_column_container col-xs-mobile-fullwidth vc_col-sm-6\"><div class=\"vc_column-inner  hongo_responsive_1592342665692\"><div class=\"wpb_wrapper\"><div class=\"alt-font heading-style-3 vc_custom_1592327800602  hongo_responsive_1592327800606 heading-2 hongo-section-heading hongo_font_1592327800601\">Canal Mayorista<\/div><div class=\"alt-font heading-style-1 vc_custom_1596221205579  hongo_responsive_1596221205583 heading-3 hongo-section-heading hongo_font_1596221205577\">Est\u00e1 dirigido a personas que comercializan grandes vol\u00famenes de camarones, tilapias y producto al granel, los cuales dirigen su venta a mercados, plazas y restaurantes.<\/div><div class=\"text-block-content hongo-text-block-1 vc_custom_1592401977189 last-paragraph-no-margin  hongo_responsive_1592401977193\"><p>Llegamos con nuestros amplio y exclusivo portafolio de productos a los m\u00e1s importantes mercados. Asesoramos, ayudamos y acompa\u00f1amos a los emprendedores, d\u00e1ndoles herramientas y estrategias de ventas, para llegar de mejor manera al consumidor final, para que de esta forma puedan crecer en sus ventas y\u00a0puedan generar mayores ingresos.<\/p>\n<\/div><a href=\"mailto:rrugel@santa-priscila.com\" target= \"_blank\" class=\"hongo-button-1 btn btn-base btn-round alt-font btn-small wow pulse  hongo_button_1592404360473\"><i class=\"fas fa-envelope icon-small left-icon\" aria-hidden=\"true\"><\/i>Cont\u00e1ctanos<\/a><\/div><\/div><\/div><\/section><div class=\"vc_row-full-width vc_clearfix\"><\/div><section id=\"distribuidor\" data-vc-full-width=\"true\" data-vc-full-width-init=\"false\" class=\"vc_row wpb_row vc_row-fluid  vc_custom_1592405257776   vc_row-has-fill hongo-stretch-content hongo-stretch-row-container vc_row-o-content-top vc_row-flex\"><div class=\"wpb_column vc_column_container col-xs-mobile-fullwidth vc_col-sm-6\"><div class=\"vc_column-inner  hongo_responsive_1592342617071\"><div class=\"wpb_wrapper\"><div class=\"alt-font heading-style-3 vc_custom_1592404520491  hongo_responsive_1592404520496 heading-4 hongo-section-heading hongo_font_1592404520490\">Canal Distribuidor<\/div><div class=\"alt-font heading-style-1 vc_custom_1592404509160  hongo_responsive_1592404509164 heading-5 hongo-section-heading hongo_font_1592404509158\">Creamos una l\u00ednea completamente nueva para dar abasto a este creciente y rentable sector de la econom\u00eda y consumo.<\/div><div class=\"text-block-content hongo-text-block-2 vc_custom_1592404494274 last-paragraph-no-margin  hongo_responsive_1592404494277\"><p>Con el af\u00e1n de dar conocer nuestra marca en el mercado ecuatoriano y que nuestros productos lleguen al detalle para el consumo popular, tiendas, minimarkes y cualquier lugar de abastos de las ciudades del pa\u00eds. Desarrollamos la <strong>l\u00ednea econ\u00f3mica y premium<\/strong> en empaques de 1 y 1\/5 libra, para distribuidores calificados: gente emprendedora y comprometida en esta gran gesti\u00f3n.<\/p>\n<p>Tanto Santa Priscila como nuestros distribuidores cuentan con c\u00e1maras de fr\u00edo y veh\u00edculos refrigerados, precautelando la cadena de fr\u00edo, de tal manera que nuestro producto siempre llegue lo m\u00e1s fresco posible a cada mesa de nuestro pa\u00eds.<\/p>\n<\/div><a href=\"mailto:jdiaz@santa-priscila.com\" target= \"_blank\" class=\"hongo-button-2 btn btn-base btn-round alt-font btn-small wow pulse  hongo_button_1592404419034\"><i class=\"fas fa-envelope icon-small left-icon\" aria-hidden=\"true\"><\/i>Cont\u00e1ctanos<\/a>[vc_empty_space height=&#8221;50px&#8221;]<\/div><\/div><\/div><div class=\"wpb_column vc_column_container col-xs-mobile-fullwidth vc_col-sm-6\"><div class=\"vc_column-inner\"><div class=\"wpb_wrapper\"><div class=\"wpb_single_image    hongo-full-width-single-image\">\r\n\t\t\t<figure class=\"wpb_wrapper vc_figure\">\r\n\t\t\t\t<div class=\"vc_single_image-wrapper  \"><img width=\"800\" height=\"900\" src=\"https:\/\/santa-priscila.com\/Quito\/wp-content\/uploads\/2020\/06\/Banners-Canales_Distribuidor.jpg\" class=\"vc_single_image-img attachment-full\" alt=\"Santa Priscila - Canal Distribuidor\" loading=\"lazy\" srcset=\"https:\/\/santa-priscila.com\/Quito\/wp-content\/uploads\/2020\/06\/Banners-Canales_Distribuidor.jpg 800w, https:\/\/santa-priscila.com\/Quito\/wp-content\/uploads\/2020\/06\/Banners-Canales_Distribuidor-267x300.jpg 267w, https:\/\/santa-priscila.com\/Quito\/wp-content\/uploads\/2020\/06\/Banners-Canales_Distribuidor-768x864.jpg 768w, https:\/\/santa-priscila.com\/Quito\/wp-content\/uploads\/2020\/06\/Banners-Canales_Distribuidor-84x95.jpg 84w, https:\/\/santa-priscila.com\/Quito\/wp-content\/uploads\/2020\/06\/Banners-Canales_Distribuidor-200x225.jpg 200w, https:\/\/santa-priscila.com\/Quito\/wp-content\/uploads\/2020\/06\/Banners-Canales_Distribuidor-450x506.jpg 450w, https:\/\/santa-priscila.com\/Quito\/wp-content\/uploads\/2020\/06\/Banners-Canales_Distribuidor-702x790.jpg 702w, https:\/\/santa-priscila.com\/Quito\/wp-content\/uploads\/2020\/06\/Banners-Canales_Distribuidor-360x405.jpg 360w\" sizes=\"(max-width: 800px) 100vw, 800px\" \/><\/div>\r\n\t\t\t<\/figure>\r\n\t\t\t\r\n\t\t<\/div><\/div><\/div><\/div><\/section><div class=\"vc_row-full-width vc_clearfix\"><\/div><section id=\"horeca\" data-vc-full-width=\"true\" data-vc-full-width-init=\"false\" class=\"vc_row wpb_row vc_row-fluid  vc_custom_1592405266168   vc_row-has-fill hongo-stretch-content hongo-stretch-row-container vc_row-o-content-top vc_row-flex\"><div class=\"wpb_column vc_column_container col-xs-mobile-fullwidth vc_col-sm-6\"><div class=\"vc_column-inner\"><div class=\"wpb_wrapper\"><div class=\"wpb_single_image    hongo-full-width-single-image\">\r\n\t\t\t<figure class=\"wpb_wrapper vc_figure\">\r\n\t\t\t\t<div class=\"vc_single_image-wrapper  \"><img width=\"800\" height=\"900\" src=\"https:\/\/santa-priscila.com\/Quito\/wp-content\/uploads\/2020\/06\/Banners-Canales_Horeca.jpg\" class=\"vc_single_image-img attachment-full\" alt=\"Santa Priscila - Canal Horeca\" loading=\"lazy\" srcset=\"https:\/\/santa-priscila.com\/Quito\/wp-content\/uploads\/2020\/06\/Banners-Canales_Horeca.jpg 800w, https:\/\/santa-priscila.com\/Quito\/wp-content\/uploads\/2020\/06\/Banners-Canales_Horeca-267x300.jpg 267w, https:\/\/santa-priscila.com\/Quito\/wp-content\/uploads\/2020\/06\/Banners-Canales_Horeca-768x864.jpg 768w, https:\/\/santa-priscila.com\/Quito\/wp-content\/uploads\/2020\/06\/Banners-Canales_Horeca-84x95.jpg 84w, https:\/\/santa-priscila.com\/Quito\/wp-content\/uploads\/2020\/06\/Banners-Canales_Horeca-200x225.jpg 200w, https:\/\/santa-priscila.com\/Quito\/wp-content\/uploads\/2020\/06\/Banners-Canales_Horeca-450x506.jpg 450w, https:\/\/santa-priscila.com\/Quito\/wp-content\/uploads\/2020\/06\/Banners-Canales_Horeca-702x790.jpg 702w, https:\/\/santa-priscila.com\/Quito\/wp-content\/uploads\/2020\/06\/Banners-Canales_Horeca-360x405.jpg 360w\" sizes=\"(max-width: 800px) 100vw, 800px\" \/><\/div>\r\n\t\t\t<\/figure>\r\n\t\t\t\r\n\t\t<\/div><\/div><\/div><\/div><div class=\"wpb_column vc_column_container col-xs-mobile-fullwidth vc_col-sm-6\"><div class=\"vc_column-inner  hongo_responsive_1592342644882\"><div class=\"wpb_wrapper\"><div class=\"alt-font heading-style-3 vc_custom_1592326982094  hongo_responsive_1592326982099 heading-6 hongo-section-heading hongo_font_1592326982092\">Canal Horeca<\/div><div class=\"text-block-content hongo-text-block-3 vc_custom_1592402288646 last-paragraph-no-margin  hongo_responsive_1592402288650\"><p>Este canal se especializa en la venta directa de nuestros camarones y tilapias para el sector tur\u00edstico, con especial \u00e9nfasis en hoteles, hostales, restaurantes y cafeter\u00edas.<\/p>\n<\/div><a href=\"mailto:rfalcones@santa-priscila.com\" target= \"_blank\" class=\"hongo-button-3 btn btn-base btn-round alt-font btn-small wow pulse  hongo_button_1592404730616\"><i class=\"fas fa-envelope icon-small left-icon\" aria-hidden=\"true\"><\/i>Cont\u00e1ctanos<\/a>[vc_empty_space height=&#8221;100px&#8221;]<\/div><\/div><\/div><\/section><div class=\"vc_row-full-width vc_clearfix\"><\/div>\n","protected":false},"excerpt":{"rendered":"Canales Canal MayoristaEst\u00e1 dirigido a personas que comercializan grandes vol\u00famenes de camarones, tilapias y producto al granel, los cuales dirigen su venta a mercados, plazas y restaurantes.Llegamos con nuestros amplio y exclusivo portafolio de productos a los m\u00e1s importantes mercados. Asesoramos, ayudamos y acompa\u00f1amos a los emprendedores, d\u00e1ndoles herramientas y estrategias de ventas, para llegar de mejor manera al consumidor final, para que de esta forma puedan crecer en sus ventas y\u00a0puedan generar mayores ingresos. Cont\u00e1ctanosCanal DistribuidorCreamos una l\u00ednea completamente nueva para dar abasto a este creciente y rentable sector de la econom\u00eda y consumo.Con el af\u00e1n de dar conocer nuestra marca en el mercado ecuatoriano y que nuestros productos lleguen al detalle para el consumo popular, tiendas, minimarkes y cualquier lugar de abastos de las ciudades del pa\u00eds. Desarrollamos la l\u00ednea econ\u00f3mica y premium en empaques de 1 y 1\/5 libra, para distribuidores calificados: gente emprendedora y comprometida en esta gran gesti\u00f3n. Tanto Santa Priscila como nuestros distribuidores cuentan con c\u00e1maras de fr\u00edo y veh\u00edculos refrigerados, precautelando la cadena de fr\u00edo, de tal manera que nuestro producto siempre llegue lo m\u00e1s fresco posible a cada mesa de nuestro pa\u00eds. Cont\u00e1ctanos[vc_empty_space height=\"50px\"] Canal HorecaEste canal se especializa en la venta...","protected":false},"author":2,"featured_media":0,"parent":0,"menu_order":0,"comment_status":"closed","ping_status":"closed","template":"","meta":[],"_links":{"self":[{"href":"https:\/\/santa-priscila.com\/Quito\/wp-json\/wp\/v2\/pages\/100723"}],"collection":[{"href":"https:\/\/santa-priscila.com\/Quito\/wp-json\/wp\/v2\/pages"}],"about":[{"href":"https:\/\/santa-priscila.com\/Quito\/wp-json\/wp\/v2\/types\/page"}],"author":[{"embeddable":true,"href":"https:\/\/santa-priscila.com\/Quito\/wp-json\/wp\/v2\/users\/2"}],"replies":[{"embeddable":true,"href":"https:\/\/santa-priscila.com\/Quito\/wp-json\/wp\/v2\/comments?post=100723"}],"version-history":[{"count":63,"href":"https:\/\/santa-priscila.com\/Quito\/wp-json\/wp\/v2\/pages\/100723\/revisions"}],"predecessor-version":[{"id":101579,"href":"https:\/\/santa-priscila.com\/Quito\/wp-json\/wp\/v2\/pages\/100723\/revisions\/101579"}],"wp:attachment":[{"href":"https:\/\/santa-priscila.com\/Quito\/wp-json\/wp\/v2\/media?parent=100723"}],"curies":[{"name":"wp","href":"https:\/\/api.w.org\/{rel}","templated":true}]}}