{"id":100468,"date":"2020-06-09T18:54:37","date_gmt":"2020-06-09T23:54:37","guid":{"rendered":"https:\/\/santa-priscila.com\/Quito\/?page_id=100468"},"modified":"2020-12-30T16:43:28","modified_gmt":"2020-12-30T21:43:28","slug":"home","status":"publish","type":"page","link":"https:\/\/santa-priscila.com\/Quito\/","title":{"rendered":"Santa Priscila Oficial | Pesca lo mejor del d\u00eda"},"content":{"rendered":"<section data-vc-full-width=\"true\" data-vc-full-width-init=\"false\" data-vc-stretch-content=\"true\" class=\"vc_row wpb_row vc_row-fluid  vc_custom_1609359788994   hongo-stretch-content vc_row-no-padding hongo-stretch-content-fluid  hongo_responsive_1609359789008\"><div class=\"wpb_column vc_column_container col-xs-mobile-fullwidth vc_col-sm-12 text-left\"><div class=\"vc_column-inner\"><div class=\"wpb_wrapper\"><\/div><\/div><\/div><\/section><div class=\"vc_row-full-width vc_clearfix\"><\/div><section data-vc-full-width=\"true\" data-vc-full-width-init=\"false\" data-vc-stretch-content=\"true\" class=\"vc_row wpb_row vc_row-fluid  vc_custom_1595544124042   vc_column-gap-15 hongo-stretch-content hongo-stretch-content-fluid vc_row-o-equal-height vc_row-o-content-middle vc_row-flex  hongo_responsive_1595544124046\"><div class=\"wpb_column vc_column_container vc_col-has-fill col-xs-mobile-fullwidth vc_col-sm-12 vc_col-md-6 wow fadeInLeft\" data-wow-duration= 1200ms><div class=\"vc_column-inner cover-background bg-position-center-center vc_custom_1598972444052  hongo_responsive_1598972444055\"><div class=\"wpb_wrapper\"><div class=\"wpb_single_image    hongo-full-width-single-image\">\r\n\t\t\t<figure class=\"wpb_wrapper vc_figure\">\r\n\t\t\t\t<a href=\"https:\/\/santa-priscila.com\/Quito\/tienda\" class=\"vc_single_image-wrapper  \"><img width=\"900\" height=\"650\" src=\"https:\/\/santa-priscila.com\/Quito\/wp-content\/uploads\/2020\/09\/Bloque-04_Izquierdo_4nuevo.jpg\" class=\"vc_single_image-img attachment-full\" alt=\"Santa Priscila\" loading=\"lazy\" srcset=\"https:\/\/santa-priscila.com\/Quito\/wp-content\/uploads\/2020\/09\/Bloque-04_Izquierdo_4nuevo.jpg 900w, https:\/\/santa-priscila.com\/Quito\/wp-content\/uploads\/2020\/09\/Bloque-04_Izquierdo_4nuevo-300x217.jpg 300w, https:\/\/santa-priscila.com\/Quito\/wp-content\/uploads\/2020\/09\/Bloque-04_Izquierdo_4nuevo-768x555.jpg 768w, https:\/\/santa-priscila.com\/Quito\/wp-content\/uploads\/2020\/09\/Bloque-04_Izquierdo_4nuevo-84x61.jpg 84w, https:\/\/santa-priscila.com\/Quito\/wp-content\/uploads\/2020\/09\/Bloque-04_Izquierdo_4nuevo-200x144.jpg 200w, https:\/\/santa-priscila.com\/Quito\/wp-content\/uploads\/2020\/09\/Bloque-04_Izquierdo_4nuevo-450x325.jpg 450w, https:\/\/santa-priscila.com\/Quito\/wp-content\/uploads\/2020\/09\/Bloque-04_Izquierdo_4nuevo-360x260.jpg 360w, https:\/\/santa-priscila.com\/Quito\/wp-content\/uploads\/2020\/09\/Bloque-04_Izquierdo_4nuevo-800x578.jpg 800w\" sizes=\"(max-width: 900px) 100vw, 900px\" \/><\/a>\r\n\t\t\t<\/figure>\r\n\t\t\t\r\n\t\t<\/div><\/div><\/div><\/div><div class=\"wpb_column vc_column_container vc_col-has-fill col-xs-mobile-fullwidth vc_col-sm-12 vc_col-md-6 wow fadeInRight text-center\" data-wow-delay= 200ms data-wow-duration= 1200ms><div class=\"vc_column-inner cover-background vc_custom_1595511984030  hongo_responsive_1595511984034\"><div class=\"wpb_wrapper\"><div class=\"alt-font heading-style-2 vc_custom_1591970971373 heading-1 hongo-section-heading hongo_font_1591970971372\">\u00a1INSCR\u00cdBETE!<\/div><div class=\"vc_custom_1596326781379  hongo_responsive_1596326781384 hongo-content-newsletter-1 hongo-content-newsletter-1-1\"><div class=\"newsletter-sub-title hongo_font_1596326781375 alt-font\">MANT\u00c9NTE INFORMADO<\/div><div class=\"newsletter-title hongo_font_1596326781372 alt-font\">Acerca de las nuevas ofertas<br \/>en nuestra Tienda Virtual<\/div><div class=\"newsletter-form-wrap alt-font\"><script>(function() {\n\twindow.mc4wp = window.mc4wp || {\n\t\tlisteners: [],\n\t\tforms: {\n\t\t\ton: function(evt, cb) {\n\t\t\t\twindow.mc4wp.listeners.push(\n\t\t\t\t\t{\n\t\t\t\t\t\tevent   : evt,\n\t\t\t\t\t\tcallback: cb\n\t\t\t\t\t}\n\t\t\t\t);\n\t\t\t}\n\t\t}\n\t}\n})();\n<\/script><!-- Mailchimp for WordPress v4.8 - https:\/\/wordpress.org\/plugins\/mailchimp-for-wp\/ --><form id=\"mc4wp-form-1\" class=\"mc4wp-form mc4wp-form-8501\" method=\"post\" data-id=\"8501\" data-name=\"Footer Newsletter\" ><div class=\"mc4wp-form-fields\"><div class=\"input-group\"><input name=\"email\" data-email=\"required\" placeholder=\"D\u00e9janos tu Email\" class=\"form-control\" type=\"email\" required=\"\" \/><div class=\"input-group-btn\"><button type=\"submit\" class=\"btn btn-default alt-font\"><span>\u00a1Quiero suscribirme!<\/span> <i class=\"fas fa-arrow-right\"><\/i><\/button><\/div><\/div><\/div><label style=\"display: none !important;\">Deja vac\u00edo este campo si eres humano: <input type=\"text\" name=\"_mc4wp_honeypot\" value=\"\" tabindex=\"-1\" autocomplete=\"off\" \/><\/label><input type=\"hidden\" name=\"_mc4wp_timestamp\" value=\"1777626468\" \/><input type=\"hidden\" name=\"_mc4wp_form_id\" value=\"8501\" \/><input type=\"hidden\" name=\"_mc4wp_form_element_id\" value=\"mc4wp-form-1\" \/><div class=\"mc4wp-response\"><\/div><\/form><!-- \/ Mailchimp for WordPress Plugin --><\/div><\/div><\/div><\/div><\/div><\/section><div class=\"vc_row-full-width vc_clearfix\"><\/div><section id=\"recent-products\" data-vc-full-width=\"true\" data-vc-full-width-init=\"false\" class=\"vc_row wpb_row vc_row-fluid     wow fadeIn hongo-stretch-content hongo-stretch-row-container  hongo_responsive_1595542133339\"><div class=\"wpb_column vc_column_container col-xs-mobile-fullwidth vc_col-sm-12 text-center\"><div class=\"vc_column-inner\"><div class=\"wpb_wrapper\"><div class=\"separator-style-1 vc_custom_1566281067110 separator-style1-1\"><\/div><div class=\"alt-font heading-style-3 vc_custom_1598655892307 heading-2 hongo-section-heading hongo_font_1598655892305\">\u00a1Aprovecha los descuentos!<\/div><div class=\"text-block-content hongo-text-block-1 vc_custom_1598655879448 last-paragraph-no-margin  hongo_responsive_1598655879455\"><p class=\"line-height-20\">En productos seleccionados<br \/>\ny en #ElMejorCamar\u00f3nDelMundo<\/p>\n<\/div><div class=\"woocommerce hongo-woocommerce-product-lists\"><div id=\"hongo-product-list-1\" class=\"sale-product-lists hongo-product-list-1\"><div class=\"woocommerce columns-4 \"><\/div><\/div><\/div><\/div><\/div><\/div><\/section><div class=\"vc_row-full-width vc_clearfix\"><\/div><section data-vc-full-width=\"true\" data-vc-full-width-init=\"false\" data-vc-stretch-content=\"true\" class=\"vc_row wpb_row vc_row-fluid     hongo-stretch-content vc_row-no-padding hongo-stretch-content-fluid  hongo_responsive_1606841796076\"><div class=\"wpb_column vc_column_container col-xs-mobile-fullwidth vc_col-sm-6\"><div class=\"vc_column-inner\"><div class=\"wpb_wrapper\"><div class=\"vc_row wpb_row vc_inner vc_row-fluid  vc_custom_1606841824163 vc_row-has-fill vc_row-o-content-middle vc_row-flex cover-background bg-position-center-center  hongo_responsive_1606841824176\" style=\"min-height: 400px;\"><div class=\"wpb_column vc_column_container col-xs-mobile-fullwidth vc_col-sm-12 text-center md-text-center sm-text-center xs-text-center\"><div class=\"vc_column-inner\"><div class=\"wpb_wrapper\"><div class=\"alt-font heading-style-2 vc_custom_1595541150937 heading-3 hongo-section-heading hongo_font_1595541150936\">Canal Horeca<\/div><a href=\"https:\/\/santa-priscila.com\/canales\/\"  class=\"hongo-button-1 btn btn-white btn-round alt-font btn-very-small  hongo_button_1595541603709\">Conoce m\u00e1s<\/a><\/div><\/div><\/div><\/div><\/div><\/div><\/div><div class=\"wpb_column vc_column_container col-xs-mobile-fullwidth vc_col-sm-6\"><div class=\"vc_column-inner\"><div class=\"wpb_wrapper\"><div class=\"vc_row wpb_row vc_inner vc_row-fluid  vc_custom_1606841832258 vc_row-has-fill vc_row-o-content-middle vc_row-flex cover-background bg-position-center-center  hongo_responsive_1606841832270\" style=\"min-height: 400px;\"><div class=\"wpb_column vc_column_container col-xs-mobile-fullwidth vc_col-sm-12 text-center md-text-center sm-text-center xs-text-center\"><div class=\"vc_column-inner\"><div class=\"wpb_wrapper\"><div class=\"alt-font heading-style-2 vc_custom_1595541159698 heading-4 hongo-section-heading hongo_font_1595541159695\">Canal Distribuidor<\/div><a href=\"https:\/\/santa-priscila.com\/canales\/\"  class=\"hongo-button-2 btn btn-white btn-round alt-font btn-very-small  hongo_button_1595541611878\">Conoce m\u00e1s<\/a><\/div><\/div><\/div><\/div><\/div><\/div><\/div><div class=\"wpb_column vc_column_container col-xs-mobile-fullwidth vc_col-sm-12\"><div class=\"vc_column-inner\"><div class=\"wpb_wrapper\"><div class=\"vc_row wpb_row vc_inner vc_row-fluid  vc_custom_1606841837984 vc_row-has-fill vc_row-o-content-middle vc_row-flex cover-background bg-position-center-center  hongo_responsive_1606841837999\" style=\"min-height: 400px;\"><div class=\"wpb_column vc_column_container col-xs-mobile-fullwidth vc_col-sm-12 text-center md-text-center sm-text-center xs-text-center\"><div class=\"vc_column-inner\"><div class=\"wpb_wrapper\"><div class=\"alt-font heading-style-2 vc_custom_1595541166895 heading-5 hongo-section-heading hongo_font_1595541166894\">Canal Mayorista<\/div><a href=\"https:\/\/santa-priscila.com\/canales\/\"  class=\"hongo-button-3 btn btn-white btn-round alt-font btn-very-small  hongo_button_1595541621676\">Conoce m\u00e1s<\/a><\/div><\/div><\/div><\/div><\/div><\/div><\/div><\/section><div class=\"vc_row-full-width vc_clearfix\"><\/div><section data-vc-full-width=\"true\" data-vc-full-width-init=\"false\" data-vc-stretch-content=\"true\" class=\"vc_row wpb_row vc_row-fluid  vc_custom_1595603952601   hongo-stretch-content vc_row-no-padding hongo-stretch-content-fluid\"><div class=\"wpb_column vc_column_container col-xs-mobile-fullwidth vc_col-sm-12\"><div class=\"vc_column-inner\"><div class=\"wpb_wrapper\"><div  class=\"hongo-instagram-feed-wrap\"><div class=\"swiper-container hongo-instagram-feed-2 swiper-pagination-dots black-move \"><div id=\"hongo-instagram-feed-2\" class=\"swiper-wrapper\"><\/div><\/div><div class=\"instagram-title alt-font title-hongo-instagram-feed-2\">#SantaPriscila<\/div><\/div><\/div><\/div><\/div><\/section><div class=\"vc_row-full-width vc_clearfix\"><\/div><section id=\"recent-products\" data-vc-full-width=\"true\" data-vc-full-width-init=\"false\" data-vc-stretch-content=\"true\" class=\"vc_row wpb_row vc_row-fluid     wow fadeIn hongo-stretch-content hongo-stretch-content-fluid  hongo_responsive_1595542946081\"><div class=\"wpb_column vc_column_container col-xs-mobile-fullwidth vc_col-sm-12 text-center\"><div class=\"vc_column-inner\"><div class=\"wpb_wrapper\"><div class=\"separator-style-1 vc_custom_1595541291414 separator-style1-2\"><\/div><div class=\"alt-font heading-style-3 vc_custom_1595514405359 heading-6 hongo-section-heading hongo_font_1595514405358\">Conoce las \u00faltimas novedades<\/div><div class=\"text-block-content hongo-text-block-2 vc_custom_1595514254995 last-paragraph-no-margin  hongo_responsive_1595514254999\"><p class=\"line-height-20\">Te contamos las \u00faltimas noticias<br \/>\nacerca de nuestra empresa<\/p>\n<\/div><div class=\"hongo-blog-styles hongo-blog-grid\"><div class=\"blog-posts blog-grid\" data-col=\"3\"><ul class=\"post-grid hongo-blog-common blog-style-unique-1 blog-post-gutter gutter-small\" data-uniqueid=\"blog-style-unique-1\"><li class=\"grid-sizer\"><\/li><li class=\"grid-item blog-post blog-post-content pull-left equalize sm-equalize-auto blog-style3-1 col-lg-4 col-md-6 col-sm-6 col-xs-12 hongo-filter-tab-content noticias\"><div class=\"post-102063 post type-post status-publish format-standard has-post-thumbnail hentry category-noticias\"><div class=\"blog-image\"><a href=\"https:\/\/santa-priscila.com\/Quito\/santa-priscila-calidad-mundial\/\"><img width=\"300\" height=\"225\" src=\"https:\/\/santa-priscila.com\/Quito\/wp-content\/uploads\/2020\/12\/Santa-Priscila-de-Calidad-Mundial-300x225.jpg\" class=\"attachment-medium size-medium wp-post-image\" alt=\"Santa Priscila de Calidad Mundial\" loading=\"lazy\" title=\"\" srcset=\"https:\/\/santa-priscila.com\/Quito\/wp-content\/uploads\/2020\/12\/Santa-Priscila-de-Calidad-Mundial-300x225.jpg 300w, https:\/\/santa-priscila.com\/Quito\/wp-content\/uploads\/2020\/12\/Santa-Priscila-de-Calidad-Mundial-1024x768.jpg 1024w, https:\/\/santa-priscila.com\/Quito\/wp-content\/uploads\/2020\/12\/Santa-Priscila-de-Calidad-Mundial-768x576.jpg 768w, https:\/\/santa-priscila.com\/Quito\/wp-content\/uploads\/2020\/12\/Santa-Priscila-de-Calidad-Mundial-84x63.jpg 84w, https:\/\/santa-priscila.com\/Quito\/wp-content\/uploads\/2020\/12\/Santa-Priscila-de-Calidad-Mundial-200x150.jpg 200w, https:\/\/santa-priscila.com\/Quito\/wp-content\/uploads\/2020\/12\/Santa-Priscila-de-Calidad-Mundial-450x338.jpg 450w, https:\/\/santa-priscila.com\/Quito\/wp-content\/uploads\/2020\/12\/Santa-Priscila-de-Calidad-Mundial-1053x790.jpg 1053w, https:\/\/santa-priscila.com\/Quito\/wp-content\/uploads\/2020\/12\/Santa-Priscila-de-Calidad-Mundial-360x270.jpg 360w, https:\/\/santa-priscila.com\/Quito\/wp-content\/uploads\/2020\/12\/Santa-Priscila-de-Calidad-Mundial-800x600.jpg 800w, https:\/\/santa-priscila.com\/Quito\/wp-content\/uploads\/2020\/12\/Santa-Priscila-de-Calidad-Mundial.jpg 1200w\" sizes=\"(max-width: 300px) 100vw, 300px\" \/><\/a><\/div><div class=\"blog-text col-md-12\"><div class=\"content\"><div class=\"hongo-blog-post-category alt-font\"><a href=\"https:\/\/santa-priscila.com\/Quito\/category\/noticias\/\" class=\"hongo-blog-post-meta hongo_font_1595957953224\" rel=\"category tag\">Noticias<\/a><\/div><a class=\"entry-title alt-font hongo_font_1595957953222\" href=\"https:\/\/santa-priscila.com\/Quito\/santa-priscila-calidad-mundial\/\">Santa Priscila Calidad Mundial<\/a><div class=\"entry-content hongo_font_1595957953226\">\u00a1La #CalidadMundial que llena tu cocina de salud, sabor y alegr\u00eda! De la naturaleza a la mesa, los...<\/div><div class=\"hongo-blog-button-wrap\"><a href=\"https:\/\/santa-priscila.com\/Quito\/santa-priscila-calidad-mundial\/\" class=\"btn btn-very-small btn-dark-gray white-space-normal hongo_button_1595957953232\">Leer m\u00e1s<\/a><\/div><div class=\"separator-line-horizontal-full\"><\/div><div class=\"hongo-blog-post-meta blog-date-author alt-font\"><span class=\"hongo-blog-post-meta blog-date display-inline-block published hongo_font_1595957953224\">01 diciembre 2020<\/span><time class=\"updated display-none\" datetime=\"2020-12-02T16:26:13-05:00\">02 diciembre 2020<\/time><\/div><\/div><\/div><\/div><\/li><li class=\"grid-item blog-post blog-post-content pull-left equalize sm-equalize-auto blog-style3-2 col-lg-4 col-md-6 col-sm-6 col-xs-12 hongo-filter-tab-content noticias\"><div class=\"post-101809 post type-post status-publish format-standard has-post-thumbnail hentry category-noticias tag-quito\"><div class=\"blog-image\"><a href=\"https:\/\/santa-priscila.com\/Quito\/llegamos-a-quito\/\"><img width=\"300\" height=\"225\" src=\"https:\/\/santa-priscila.com\/Quito\/wp-content\/uploads\/2020\/10\/Llegamos-a-Quito-1-300x225.jpg\" class=\"attachment-medium size-medium wp-post-image\" alt=\"\" loading=\"lazy\" title=\"\" srcset=\"https:\/\/santa-priscila.com\/Quito\/wp-content\/uploads\/2020\/10\/Llegamos-a-Quito-1-300x225.jpg 300w, https:\/\/santa-priscila.com\/Quito\/wp-content\/uploads\/2020\/10\/Llegamos-a-Quito-1-1024x768.jpg 1024w, https:\/\/santa-priscila.com\/Quito\/wp-content\/uploads\/2020\/10\/Llegamos-a-Quito-1-768x576.jpg 768w, https:\/\/santa-priscila.com\/Quito\/wp-content\/uploads\/2020\/10\/Llegamos-a-Quito-1-84x63.jpg 84w, https:\/\/santa-priscila.com\/Quito\/wp-content\/uploads\/2020\/10\/Llegamos-a-Quito-1-200x150.jpg 200w, https:\/\/santa-priscila.com\/Quito\/wp-content\/uploads\/2020\/10\/Llegamos-a-Quito-1-450x338.jpg 450w, https:\/\/santa-priscila.com\/Quito\/wp-content\/uploads\/2020\/10\/Llegamos-a-Quito-1-1053x790.jpg 1053w, https:\/\/santa-priscila.com\/Quito\/wp-content\/uploads\/2020\/10\/Llegamos-a-Quito-1-360x270.jpg 360w, https:\/\/santa-priscila.com\/Quito\/wp-content\/uploads\/2020\/10\/Llegamos-a-Quito-1-800x600.jpg 800w, https:\/\/santa-priscila.com\/Quito\/wp-content\/uploads\/2020\/10\/Llegamos-a-Quito-1.jpg 1200w\" sizes=\"(max-width: 300px) 100vw, 300px\" \/><\/a><\/div><div class=\"blog-text col-md-12\"><div class=\"content\"><div class=\"hongo-blog-post-category alt-font\"><a href=\"https:\/\/santa-priscila.com\/Quito\/category\/noticias\/\" class=\"hongo-blog-post-meta hongo_font_1595957953224\" rel=\"category tag\">Noticias<\/a><\/div><a class=\"entry-title alt-font hongo_font_1595957953222\" href=\"https:\/\/santa-priscila.com\/Quito\/llegamos-a-quito\/\">Llegamos a Quito<\/a><div class=\"entry-content hongo_font_1595957953226\">Santa Priscila es la primera industria camaronera en obtener la certificaci\u00f3n: \"Punto Verde\" avalada internacionalmente por Ceres.<\/div><div class=\"hongo-blog-button-wrap\"><a href=\"https:\/\/santa-priscila.com\/Quito\/llegamos-a-quito\/\" class=\"btn btn-very-small btn-dark-gray white-space-normal hongo_button_1595957953232\">Leer m\u00e1s<\/a><\/div><div class=\"separator-line-horizontal-full\"><\/div><div class=\"hongo-blog-post-meta blog-date-author alt-font\"><span class=\"hongo-blog-post-meta blog-date display-inline-block published hongo_font_1595957953224\">08 octubre 2020<\/span><time class=\"updated display-none\" datetime=\"2020-10-08T13:53:12-05:00\">08 octubre 2020<\/time><\/div><\/div><\/div><\/div><\/li><li class=\"grid-item blog-post blog-post-content pull-left equalize sm-equalize-auto blog-style3-3 col-lg-4 col-md-6 col-sm-6 col-xs-12 hongo-filter-tab-content noticias\"><div class=\"post-101502 post type-post status-publish format-standard has-post-thumbnail hentry category-noticias tag-responsabilidad-social\"><div class=\"blog-image\"><a href=\"https:\/\/santa-priscila.com\/Quito\/programa-de-ayuda-mi-casa-mi-vida\/\"><img width=\"300\" height=\"225\" src=\"https:\/\/santa-priscila.com\/Quito\/wp-content\/uploads\/2020\/07\/santa-priscila-casa001-300x225.jpg\" class=\"attachment-medium size-medium wp-post-image\" alt=\"Santa Priscila - Programa de ayuda \u201cMi casa, Mi vida\u201d\" loading=\"lazy\" title=\"\" srcset=\"https:\/\/santa-priscila.com\/Quito\/wp-content\/uploads\/2020\/07\/santa-priscila-casa001-300x225.jpg 300w, https:\/\/santa-priscila.com\/Quito\/wp-content\/uploads\/2020\/07\/santa-priscila-casa001-1024x768.jpg 1024w, https:\/\/santa-priscila.com\/Quito\/wp-content\/uploads\/2020\/07\/santa-priscila-casa001-768x576.jpg 768w, https:\/\/santa-priscila.com\/Quito\/wp-content\/uploads\/2020\/07\/santa-priscila-casa001-84x63.jpg 84w, https:\/\/santa-priscila.com\/Quito\/wp-content\/uploads\/2020\/07\/santa-priscila-casa001-200x150.jpg 200w, https:\/\/santa-priscila.com\/Quito\/wp-content\/uploads\/2020\/07\/santa-priscila-casa001-450x338.jpg 450w, https:\/\/santa-priscila.com\/Quito\/wp-content\/uploads\/2020\/07\/santa-priscila-casa001-1053x790.jpg 1053w, https:\/\/santa-priscila.com\/Quito\/wp-content\/uploads\/2020\/07\/santa-priscila-casa001-360x270.jpg 360w, https:\/\/santa-priscila.com\/Quito\/wp-content\/uploads\/2020\/07\/santa-priscila-casa001-800x600.jpg 800w, https:\/\/santa-priscila.com\/Quito\/wp-content\/uploads\/2020\/07\/santa-priscila-casa001.jpg 1280w\" sizes=\"(max-width: 300px) 100vw, 300px\" \/><\/a><\/div><div class=\"blog-text col-md-12\"><div class=\"content\"><div class=\"hongo-blog-post-category alt-font\"><a href=\"https:\/\/santa-priscila.com\/Quito\/category\/noticias\/\" class=\"hongo-blog-post-meta hongo_font_1595957953224\" rel=\"category tag\">Noticias<\/a><\/div><a class=\"entry-title alt-font hongo_font_1595957953222\" href=\"https:\/\/santa-priscila.com\/Quito\/programa-de-ayuda-mi-casa-mi-vida\/\">Programa de ayuda \u201cMi casa, Mi vida\u201d<\/a><div class=\"entry-content hongo_font_1595957953226\">ASC cofundada por Fondo Mundial para la Naturaleza (WWF) otorga un certificado a Santa Priscila por buenas pr\u00e1cticas...<\/div><div class=\"hongo-blog-button-wrap\"><a href=\"https:\/\/santa-priscila.com\/Quito\/programa-de-ayuda-mi-casa-mi-vida\/\" class=\"btn btn-very-small btn-dark-gray white-space-normal hongo_button_1595957953232\">Leer m\u00e1s<\/a><\/div><div class=\"separator-line-horizontal-full\"><\/div><div class=\"hongo-blog-post-meta blog-date-author alt-font\"><span class=\"hongo-blog-post-meta blog-date display-inline-block published hongo_font_1595957953224\">29 julio 2020<\/span><time class=\"updated display-none\" datetime=\"2020-07-29T13:23:47-05:00\">29 julio 2020<\/time><\/div><\/div><\/div><\/div><\/li><\/ul><\/div><\/div><\/div><\/div><\/div><\/section><div class=\"vc_row-full-width vc_clearfix\"><\/div><section data-vc-full-width=\"true\" data-vc-full-width-init=\"false\" data-vc-stretch-content=\"true\" data-vc-parallax-image=\"0.5\" class=\"vc_row wpb_row vc_row-fluid  vc_custom_1595958056645   vc_row-has-fill hongo-stretch-content vc_row-no-padding hongo-stretch-content-fluid parallax\"><div class=\"wpb_column vc_column_container col-xs-mobile-fullwidth vc_col-sm-12\"><div class=\"vc_column-inner\"><div class=\"wpb_wrapper\"><div class=\"wpb_single_image    hongo-full-width-single-image\">\r\n\t\t\t<figure class=\"wpb_wrapper vc_figure\">\r\n\t\t\t\t<div class=\"vc_single_image-wrapper  \"><img class=\"vc_single_image-img\" src=\"https:\/\/santa-priscila.com\/Quito\/wp-content\/uploads\/2020\/07\/Bloque-06-1.jpg\" alt=\"\" data-rjs=\"https:\/\/santa-priscila.com\/Quito\/wp-content\/uploads\/2020\/07\/Bloque-06-1.jpg\" \/><\/div>\r\n\t\t\t<\/figure>\r\n\t\t\t\r\n\t\t<\/div><\/div><\/div><\/div><\/section><div class=\"vc_row-full-width vc_clearfix\"><\/div><section class=\"vc_row wpb_row vc_row-fluid\"><div class=\"wpb_column vc_column_container col-xs-mobile-fullwidth vc_col-sm-12\"><div class=\"vc_column-inner\"><div class=\"wpb_wrapper\"><div class=\"alt-font heading-style-3 vc_custom_1606924000695 heading-7 hongo-section-heading hongo_font_1606924000690\">S\u00edguenos<\/div><div class=\"alt-font heading-style-3 heading-8 hongo-section-heading hongo_font_1606924062225\"><a class=\"heading-title-link hongo_font_1606924062225\"  href=\"https:\/\/www.instagram.com\/santapriscilaec\/\">@santapriscilaec<\/a><\/div><\/div><\/div><\/div><\/section>\n","protected":false},"excerpt":{"rendered":"Industrial Pesquera Santa Priscila, se une a la alianza \u201cMi casa, Mi vida\u201d de Mutualista Pichincha y Campana Organization Industrial Pesquera Santa Priscila, se une a la alianza \u201cMi casa, Mi vida\u201d de Mutualista Pichincha y Campana Organization; empresas con amplia trayectoria en el sector inmobiliario quien junto a Ecuaviviendas est\u00e1n desarrollando proyectos de vivienda social. Este programa tiene como objetivo brindar la oportunidad y otorgar facilidades para obtener tu casa propia, mejorando as\u00ed la calidad de vida de las familias ecuatorianas.\u00a0\u00a0 Trabajadores de Industrial Pesquera Santa Priscila Alex Arcos y Luzmila Lata, trabajadores de Industrial Pesquera Santa Priscila; han sido los primeros en aplicar a este proyecto. Su solicitud, fue aprobada, y ahora ellos pueden cumplir su sue\u00f1o de tener su vivienda propia con acabados de primera. Arcos y Lata vivir\u00e1n en la 5ta etapa de la urbanizaci\u00f3n \u201cSantiago City\u201d ubicada en el km 19.5 v\u00eda a Daule, esta urbanizaci\u00f3n cuenta con \u00e1rea social, piscina, canchas deportivas y seguridad las 24 horas del d\u00eda, los siete d\u00edas de la semana. Industrial Pesquera Santa Priscila, est\u00e1 constantemente buscando como brindar oportunidades de crecimiento a sus trabajadores no solo en el \u00e1rea laboral; sino tambi\u00e9n siendo parte de los programas que...","protected":false},"author":2,"featured_media":99894,"parent":0,"menu_order":0,"comment_status":"closed","ping_status":"closed","template":"","meta":[],"_links":{"self":[{"href":"https:\/\/santa-priscila.com\/Quito\/wp-json\/wp\/v2\/pages\/100468"}],"collection":[{"href":"https:\/\/santa-priscila.com\/Quito\/wp-json\/wp\/v2\/pages"}],"about":[{"href":"https:\/\/santa-priscila.com\/Quito\/wp-json\/wp\/v2\/types\/page"}],"author":[{"embeddable":true,"href":"https:\/\/santa-priscila.com\/Quito\/wp-json\/wp\/v2\/users\/2"}],"replies":[{"embeddable":true,"href":"https:\/\/santa-priscila.com\/Quito\/wp-json\/wp\/v2\/comments?post=100468"}],"version-history":[{"count":317,"href":"https:\/\/santa-priscila.com\/Quito\/wp-json\/wp\/v2\/pages\/100468\/revisions"}],"predecessor-version":[{"id":102233,"href":"https:\/\/santa-priscila.com\/Quito\/wp-json\/wp\/v2\/pages\/100468\/revisions\/102233"}],"wp:featuredmedia":[{"embeddable":true,"href":"https:\/\/santa-priscila.com\/Quito\/wp-json\/wp\/v2\/media\/99894"}],"wp:attachment":[{"href":"https:\/\/santa-priscila.com\/Quito\/wp-json\/wp\/v2\/media?parent=100468"}],"curies":[{"name":"wp","href":"https:\/\/api.w.org\/{rel}","templated":true}]}}